{"id":286,"date":"2022-06-03T08:34:43","date_gmt":"2022-06-03T11:34:43","guid":{"rendered":"https:\/\/novosite.titaniumfix.com.br\/?page_id=286"},"modified":"2025-10-08T11:58:34","modified_gmt":"2025-10-08T14:58:34","slug":"downloads","status":"publish","type":"page","link":"https:\/\/titaniumfix.com\/es\/downloads\/","title":{"rendered":"Downloads"},"content":{"rendered":"\t\t<div data-elementor-type=\"wp-page\" data-elementor-id=\"286\" class=\"elementor elementor-286\" data-elementor-post-type=\"page\">\n\t\t\t\t\t\t<section class=\"elementor-section elementor-top-section elementor-element elementor-element-ebf5afd elementor-section-height-min-height css-header elementor-section-boxed elementor-section-height-default elementor-section-items-middle\" data-id=\"ebf5afd\" data-element_type=\"section\" data-e-type=\"section\" data-settings=\"{&quot;background_background&quot;:&quot;classic&quot;}\">\n\t\t\t\t\t\t\t<div class=\"elementor-background-overlay\"><\/div>\n\t\t\t\t\t\t\t<div class=\"elementor-container elementor-column-gap-default\">\n\t\t\t\t\t<div class=\"elementor-column elementor-col-100 elementor-top-column elementor-element elementor-element-92e54ce\" data-id=\"92e54ce\" data-element_type=\"column\" data-e-type=\"column\">\n\t\t\t<div class=\"elementor-widget-wrap elementor-element-populated\">\n\t\t\t\t\t\t<div class=\"elementor-element elementor-element-22224b6 elementor-widget elementor-widget-heading\" data-id=\"22224b6\" data-element_type=\"widget\" data-e-type=\"widget\" data-widget_type=\"heading.default\">\n\t\t\t\t<div class=\"elementor-widget-container\">\n\t\t\t\t\t<h1 class=\"elementor-heading-title elementor-size-default\">Descargas<\/h1>\t\t\t\t<\/div>\n\t\t\t\t<\/div>\n\t\t\t\t\t<\/div>\n\t\t<\/div>\n\t\t\t\t\t<\/div>\n\t\t<\/section>\n\t\t\t\t<section class=\"elementor-section elementor-top-section elementor-element elementor-element-4ad532c elementor-section-boxed elementor-section-height-default elementor-section-height-default\" data-id=\"4ad532c\" data-element_type=\"section\" data-e-type=\"section\">\n\t\t\t\t\t\t<div class=\"elementor-container elementor-column-gap-default\">\n\t\t\t\t\t<div class=\"elementor-column elementor-col-100 elementor-top-column elementor-element elementor-element-016e725\" data-id=\"016e725\" data-element_type=\"column\" data-e-type=\"column\">\n\t\t\t<div class=\"elementor-widget-wrap elementor-element-populated\">\n\t\t\t\t\t\t<section class=\"elementor-section elementor-inner-section elementor-element elementor-element-08d7fe8 elementor-section-boxed elementor-section-height-default elementor-section-height-default\" data-id=\"08d7fe8\" data-element_type=\"section\" data-e-type=\"section\">\n\t\t\t\t\t\t<div class=\"elementor-container elementor-column-gap-default\">\n\t\t\t\t\t<div class=\"elementor-column elementor-col-100 elementor-inner-column elementor-element elementor-element-35f76a7\" data-id=\"35f76a7\" data-element_type=\"column\" data-e-type=\"column\">\n\t\t\t<div class=\"elementor-widget-wrap elementor-element-populated\">\n\t\t\t\t\t\t<div class=\"elementor-element elementor-element-191c464 elementor-widget elementor-widget-shortcode\" data-id=\"191c464\" data-element_type=\"widget\" data-e-type=\"widget\" data-widget_type=\"shortcode.default\">\n\t\t\t\t<div class=\"elementor-widget-container\">\n\t\t\t\t\t\t\t<div class=\"elementor-shortcode\"><span><span><a href=\"https:\/\/titaniumfix.com\/es\/\">In\u00edcio<\/a><\/span><\/span>\n<\/div>\n\t\t\t\t\t\t<\/div>\n\t\t\t\t<\/div>\n\t\t\t\t<div class=\"elementor-element elementor-element-becbcc8 elementor-widget elementor-widget-text-editor\" data-id=\"becbcc8\" data-element_type=\"widget\" data-e-type=\"widget\" data-widget_type=\"text-editor.default\">\n\t\t\t\t<div class=\"elementor-widget-container\">\n\t\t\t\t\t\t\t\t\t<p>Aqu\u00ed encontrar\u00e1 nuestra Biblioteca Digital CAD\/CAM, cat\u00e1logos, manuales e instrucciones de uso (IFU) de todos los productos. Haga clic a continuaci\u00f3n en la opci\u00f3n deseada y acceda a nuestros materiales.<\/p>\t\t\t\t\t\t\t\t<\/div>\n\t\t\t\t<\/div>\n\t\t\t\t\t<\/div>\n\t\t<\/div>\n\t\t\t\t\t<\/div>\n\t\t<\/section>\n\t\t\t\t<section class=\"elementor-section elementor-inner-section elementor-element elementor-element-b173ffb elementor-section-boxed elementor-section-height-default elementor-section-height-default\" data-id=\"b173ffb\" data-element_type=\"section\" data-e-type=\"section\">\n\t\t\t\t\t\t<div class=\"elementor-container elementor-column-gap-default\">\n\t\t\t\t\t<div class=\"elementor-column elementor-col-33 elementor-inner-column elementor-element elementor-element-8649568\" data-id=\"8649568\" data-element_type=\"column\" data-e-type=\"column\">\n\t\t\t<div class=\"elementor-widget-wrap elementor-element-populated\">\n\t\t\t\t\t\t<div class=\"elementor-element elementor-element-9d4e34b elementor-view-default elementor-position-block-start elementor-mobile-position-block-start elementor-widget elementor-widget-icon-box\" data-id=\"9d4e34b\" data-element_type=\"widget\" data-e-type=\"widget\" data-widget_type=\"icon-box.default\">\n\t\t\t\t<div class=\"elementor-widget-container\">\n\t\t\t\t\t\t\t<div class=\"elementor-icon-box-wrapper\">\n\n\t\t\t\t\t\t<div class=\"elementor-icon-box-icon\">\n\t\t\t\t<a href=\"https:\/\/titaniumfix.com\/es\/downloads\/biblioteca\/\" class=\"elementor-icon\" tabindex=\"-1\" aria-label=\"Biblioteca Digital\">\n\t\t\t\t<i aria-hidden=\"true\" class=\"fas fa-file-download\"><\/i>\t\t\t\t<\/a>\n\t\t\t<\/div>\n\t\t\t\n\t\t\t\t\t\t<div class=\"elementor-icon-box-content\">\n\n\t\t\t\t\t\t\t\t\t<h3 class=\"elementor-icon-box-title\">\n\t\t\t\t\t\t<a href=\"https:\/\/titaniumfix.com\/es\/downloads\/biblioteca\/\" >\n\t\t\t\t\t\t\tBiblioteca Digital\t\t\t\t\t\t<\/a>\n\t\t\t\t\t<\/h3>\n\t\t\t\t\n\t\t\t\t\n\t\t\t<\/div>\n\t\t\t\n\t\t<\/div>\n\t\t\t\t\t\t<\/div>\n\t\t\t\t<\/div>\n\t\t\t\t\t<\/div>\n\t\t<\/div>\n\t\t\t\t<div class=\"elementor-column elementor-col-33 elementor-inner-column elementor-element elementor-element-fcc0e95\" data-id=\"fcc0e95\" data-element_type=\"column\" data-e-type=\"column\">\n\t\t\t<div class=\"elementor-widget-wrap elementor-element-populated\">\n\t\t\t\t\t\t<div class=\"elementor-element elementor-element-fa2ad40 elementor-view-default elementor-position-block-start elementor-mobile-position-block-start elementor-widget elementor-widget-icon-box\" data-id=\"fa2ad40\" data-element_type=\"widget\" data-e-type=\"widget\" data-widget_type=\"icon-box.default\">\n\t\t\t\t<div class=\"elementor-widget-container\">\n\t\t\t\t\t\t\t<div class=\"elementor-icon-box-wrapper\">\n\n\t\t\t\t\t\t<div class=\"elementor-icon-box-icon\">\n\t\t\t\t<a href=\"https:\/\/titaniumfix.com\/es\/downloads\/catalogos\/\" class=\"elementor-icon\" tabindex=\"-1\" aria-label=\"Cat\u00e1logos y Manuales\">\n\t\t\t\t<i aria-hidden=\"true\" class=\"fas fa-file-download\"><\/i>\t\t\t\t<\/a>\n\t\t\t<\/div>\n\t\t\t\n\t\t\t\t\t\t<div class=\"elementor-icon-box-content\">\n\n\t\t\t\t\t\t\t\t\t<h3 class=\"elementor-icon-box-title\">\n\t\t\t\t\t\t<a href=\"https:\/\/titaniumfix.com\/es\/downloads\/catalogos\/\" >\n\t\t\t\t\t\t\tCat\u00e1logos y Manuales\t\t\t\t\t\t<\/a>\n\t\t\t\t\t<\/h3>\n\t\t\t\t\n\t\t\t\t\n\t\t\t<\/div>\n\t\t\t\n\t\t<\/div>\n\t\t\t\t\t\t<\/div>\n\t\t\t\t<\/div>\n\t\t\t\t\t<\/div>\n\t\t<\/div>\n\t\t\t\t<div class=\"elementor-column elementor-col-33 elementor-inner-column elementor-element elementor-element-141074f\" data-id=\"141074f\" data-element_type=\"column\" data-e-type=\"column\">\n\t\t\t<div class=\"elementor-widget-wrap elementor-element-populated\">\n\t\t\t\t\t\t<div class=\"elementor-element elementor-element-2c0f2d1 elementor-view-default elementor-position-block-start elementor-mobile-position-block-start elementor-widget elementor-widget-icon-box\" data-id=\"2c0f2d1\" data-element_type=\"widget\" data-e-type=\"widget\" data-widget_type=\"icon-box.default\">\n\t\t\t\t<div class=\"elementor-widget-container\">\n\t\t\t\t\t\t\t<div class=\"elementor-icon-box-wrapper\">\n\n\t\t\t\t\t\t<div class=\"elementor-icon-box-icon\">\n\t\t\t\t<a href=\"https:\/\/ifu.titaniumfix.com\/es\/consultInstructionForUse?_gl=1*1bnpo4a*_gcl_au*MjExNDM4MDY3NC4xNzQ1ODM5ODI2\" target=\"_blank\" class=\"elementor-icon\" tabindex=\"-1\" aria-label=\"Instrucciones de uso (IFU)\">\n\t\t\t\t<i aria-hidden=\"true\" class=\"fas fa-file-download\"><\/i>\t\t\t\t<\/a>\n\t\t\t<\/div>\n\t\t\t\n\t\t\t\t\t\t<div class=\"elementor-icon-box-content\">\n\n\t\t\t\t\t\t\t\t\t<h3 class=\"elementor-icon-box-title\">\n\t\t\t\t\t\t<a href=\"https:\/\/ifu.titaniumfix.com\/es\/consultInstructionForUse?_gl=1*1bnpo4a*_gcl_au*MjExNDM4MDY3NC4xNzQ1ODM5ODI2\" target=\"_blank\" >\n\t\t\t\t\t\t\tInstrucciones de uso (IFU)\t\t\t\t\t\t<\/a>\n\t\t\t\t\t<\/h3>\n\t\t\t\t\n\t\t\t\t\n\t\t\t<\/div>\n\t\t\t\n\t\t<\/div>\n\t\t\t\t\t\t<\/div>\n\t\t\t\t<\/div>\n\t\t\t\t\t<\/div>\n\t\t<\/div>\n\t\t\t\t\t<\/div>\n\t\t<\/section>\n\t\t\t\t\t<\/div>\n\t\t<\/div>\n\t\t\t\t\t<\/div>\n\t\t<\/section>\n\t\t\t\t<\/div>\n\t\t","protected":false},"excerpt":{"rendered":"<p>Descargas Aqu\u00ed encontrar\u00e1 nuestra Biblioteca Digital CAD\/CAM, cat\u00e1logos, manuales e instrucciones de uso (IFU) de todos los productos. Haga clic a continuaci\u00f3n en la opci\u00f3n deseada y acceda a nuestros materiales. Biblioteca Digital Cat\u00e1logos y Manuales Instrucciones de uso (IFU)<\/p>\n","protected":false},"author":1,"featured_media":628,"parent":0,"menu_order":0,"comment_status":"closed","ping_status":"closed","template":"","meta":{"footnotes":""},"class_list":["post-286","page","type-page","status-publish","has-post-thumbnail","hentry"],"yoast_head":"<!-- This site is optimized with the Yoast SEO plugin v27.2 - https:\/\/yoast.com\/product\/yoast-seo-wordpress\/ -->\n<title>Downloads | Titaniumfix<\/title>\n<meta name=\"description\" content=\"En esta \u00e1rea encontrar\u00e1 nuestra Biblioteca Digital CAD\/CAM, cat\u00e1logos, manuales e IFU (instrucciones de uso) de todos los productos.\" \/>\n<meta name=\"robots\" content=\"index, follow, max-snippet:-1, max-image-preview:large, max-video-preview:-1\" \/>\n<link rel=\"canonical\" href=\"https:\/\/titaniumfix.com\/es\/downloads\/\" \/>\n<meta property=\"og:locale\" content=\"pt_BR\" \/>\n<meta property=\"og:type\" content=\"article\" \/>\n<meta property=\"og:title\" content=\"Downloads | Titaniumfix\" \/>\n<meta property=\"og:description\" content=\"En esta \u00e1rea encontrar\u00e1 nuestra Biblioteca Digital CAD\/CAM, cat\u00e1logos, manuales e IFU (instrucciones de uso) de todos los productos.\" \/>\n<meta property=\"og:url\" content=\"https:\/\/titaniumfix.com\/es\/downloads\/\" \/>\n<meta property=\"og:site_name\" content=\"Titaniumfix\" \/>\n<meta property=\"article:publisher\" content=\"https:\/\/www.facebook.com\/titaniumfixbr\" \/>\n<meta property=\"article:modified_time\" content=\"2025-10-08T14:58:34+00:00\" \/>\n<meta property=\"og:image\" content=\"https:\/\/titaniumfix.com\/es\/wp-content\/uploads\/2022\/06\/titaniumfix-contato-scaled.jpg\" \/>\n\t<meta property=\"og:image:width\" content=\"1920\" \/>\n\t<meta property=\"og:image:height\" content=\"1280\" \/>\n\t<meta property=\"og:image:type\" content=\"image\/jpeg\" \/>\n<meta name=\"twitter:card\" content=\"summary_large_image\" \/>\n<meta name=\"twitter:label1\" content=\"Est. tempo de leitura\" \/>\n\t<meta name=\"twitter:data1\" content=\"1 minuto\" \/>\n<script type=\"application\/ld+json\" class=\"yoast-schema-graph\">{\"@context\":\"https:\/\/schema.org\",\"@graph\":[{\"@type\":\"WebPage\",\"@id\":\"https:\/\/titaniumfix.com\/es\/downloads\/\",\"url\":\"https:\/\/titaniumfix.com\/es\/downloads\/\",\"name\":\"Downloads | Titaniumfix\",\"isPartOf\":{\"@id\":\"https:\/\/titaniumfix.com\/es\/#website\"},\"primaryImageOfPage\":{\"@id\":\"https:\/\/titaniumfix.com\/es\/downloads\/#primaryimage\"},\"image\":{\"@id\":\"https:\/\/titaniumfix.com\/es\/downloads\/#primaryimage\"},\"thumbnailUrl\":\"https:\/\/titaniumfix.com\/es\/wp-content\/uploads\/2022\/06\/titaniumfix-contato-scaled.jpg\",\"datePublished\":\"2022-06-03T11:34:43+00:00\",\"dateModified\":\"2025-10-08T14:58:34+00:00\",\"description\":\"En esta \u00e1rea encontrar\u00e1 nuestra Biblioteca Digital CAD\/CAM, cat\u00e1logos, manuales e IFU (instrucciones de uso) de todos los productos.\",\"breadcrumb\":{\"@id\":\"https:\/\/titaniumfix.com\/es\/downloads\/#breadcrumb\"},\"inLanguage\":\"pt-BR\",\"potentialAction\":[{\"@type\":\"ReadAction\",\"target\":[\"https:\/\/titaniumfix.com\/es\/downloads\/\"]}]},{\"@type\":\"ImageObject\",\"inLanguage\":\"pt-BR\",\"@id\":\"https:\/\/titaniumfix.com\/es\/downloads\/#primaryimage\",\"url\":\"https:\/\/titaniumfix.com\/es\/wp-content\/uploads\/2022\/06\/titaniumfix-contato-scaled.jpg\",\"contentUrl\":\"https:\/\/titaniumfix.com\/es\/wp-content\/uploads\/2022\/06\/titaniumfix-contato-scaled.jpg\",\"width\":1920,\"height\":1280,\"caption\":\"cat\u00e1logos e instru\u00e7\u00f5es de uso\"},{\"@type\":\"BreadcrumbList\",\"@id\":\"https:\/\/titaniumfix.com\/es\/downloads\/#breadcrumb\",\"itemListElement\":[{\"@type\":\"ListItem\",\"position\":1,\"name\":\"In\u00edcio\",\"item\":\"https:\/\/titaniumfix.com\/es\/\"},{\"@type\":\"ListItem\",\"position\":2,\"name\":\"Downloads\"}]},{\"@type\":\"WebSite\",\"@id\":\"https:\/\/titaniumfix.com\/es\/#website\",\"url\":\"https:\/\/titaniumfix.com\/es\/\",\"name\":\"Titaniumfix\",\"description\":\"Implantes dentales y Aditamentos prot\u00e9sicos\",\"publisher\":{\"@id\":\"https:\/\/titaniumfix.com\/es\/#organization\"},\"alternateName\":\"Titaniumfix\",\"potentialAction\":[{\"@type\":\"SearchAction\",\"target\":{\"@type\":\"EntryPoint\",\"urlTemplate\":\"https:\/\/titaniumfix.com\/es\/?s={search_term_string}\"},\"query-input\":{\"@type\":\"PropertyValueSpecification\",\"valueRequired\":true,\"valueName\":\"search_term_string\"}}],\"inLanguage\":\"pt-BR\"},{\"@type\":\"Organization\",\"@id\":\"https:\/\/titaniumfix.com\/es\/#organization\",\"name\":\"Titaniumfix\",\"alternateName\":\"Titaniumfix\",\"url\":\"https:\/\/titaniumfix.com\/es\/\",\"logo\":{\"@type\":\"ImageObject\",\"inLanguage\":\"pt-BR\",\"@id\":\"https:\/\/titaniumfix.com\/es\/#\/schema\/logo\/image\/\",\"url\":\"\",\"contentUrl\":\"\",\"caption\":\"Titaniumfix\"},\"image\":{\"@id\":\"https:\/\/titaniumfix.com\/es\/#\/schema\/logo\/image\/\"},\"sameAs\":[\"https:\/\/www.facebook.com\/titaniumfixbr\",\"https:\/\/www.instagram.com\/titaniumfixbr\/\"]}]}<\/script>\n<!-- \/ Yoast SEO plugin. -->","yoast_head_json":{"title":"Downloads | Titaniumfix","description":"En esta \u00e1rea encontrar\u00e1 nuestra Biblioteca Digital CAD\/CAM, cat\u00e1logos, manuales e IFU (instrucciones de uso) de todos los productos.","robots":{"index":"index","follow":"follow","max-snippet":"max-snippet:-1","max-image-preview":"max-image-preview:large","max-video-preview":"max-video-preview:-1"},"canonical":"https:\/\/titaniumfix.com\/es\/downloads\/","og_locale":"pt_BR","og_type":"article","og_title":"Downloads | Titaniumfix","og_description":"En esta \u00e1rea encontrar\u00e1 nuestra Biblioteca Digital CAD\/CAM, cat\u00e1logos, manuales e IFU (instrucciones de uso) de todos los productos.","og_url":"https:\/\/titaniumfix.com\/es\/downloads\/","og_site_name":"Titaniumfix","article_publisher":"https:\/\/www.facebook.com\/titaniumfixbr","article_modified_time":"2025-10-08T14:58:34+00:00","og_image":[{"width":1920,"height":1280,"url":"https:\/\/titaniumfix.com\/es\/wp-content\/uploads\/2022\/06\/titaniumfix-contato-scaled.jpg","type":"image\/jpeg"}],"twitter_card":"summary_large_image","twitter_misc":{"Est. tempo de leitura":"1 minuto"},"schema":{"@context":"https:\/\/schema.org","@graph":[{"@type":"WebPage","@id":"https:\/\/titaniumfix.com\/es\/downloads\/","url":"https:\/\/titaniumfix.com\/es\/downloads\/","name":"Downloads | Titaniumfix","isPartOf":{"@id":"https:\/\/titaniumfix.com\/es\/#website"},"primaryImageOfPage":{"@id":"https:\/\/titaniumfix.com\/es\/downloads\/#primaryimage"},"image":{"@id":"https:\/\/titaniumfix.com\/es\/downloads\/#primaryimage"},"thumbnailUrl":"https:\/\/titaniumfix.com\/es\/wp-content\/uploads\/2022\/06\/titaniumfix-contato-scaled.jpg","datePublished":"2022-06-03T11:34:43+00:00","dateModified":"2025-10-08T14:58:34+00:00","description":"En esta \u00e1rea encontrar\u00e1 nuestra Biblioteca Digital CAD\/CAM, cat\u00e1logos, manuales e IFU (instrucciones de uso) de todos los productos.","breadcrumb":{"@id":"https:\/\/titaniumfix.com\/es\/downloads\/#breadcrumb"},"inLanguage":"pt-BR","potentialAction":[{"@type":"ReadAction","target":["https:\/\/titaniumfix.com\/es\/downloads\/"]}]},{"@type":"ImageObject","inLanguage":"pt-BR","@id":"https:\/\/titaniumfix.com\/es\/downloads\/#primaryimage","url":"https:\/\/titaniumfix.com\/es\/wp-content\/uploads\/2022\/06\/titaniumfix-contato-scaled.jpg","contentUrl":"https:\/\/titaniumfix.com\/es\/wp-content\/uploads\/2022\/06\/titaniumfix-contato-scaled.jpg","width":1920,"height":1280,"caption":"cat\u00e1logos e instru\u00e7\u00f5es de uso"},{"@type":"BreadcrumbList","@id":"https:\/\/titaniumfix.com\/es\/downloads\/#breadcrumb","itemListElement":[{"@type":"ListItem","position":1,"name":"In\u00edcio","item":"https:\/\/titaniumfix.com\/es\/"},{"@type":"ListItem","position":2,"name":"Downloads"}]},{"@type":"WebSite","@id":"https:\/\/titaniumfix.com\/es\/#website","url":"https:\/\/titaniumfix.com\/es\/","name":"Titaniumfix","description":"Implantes dentales y Aditamentos prot\u00e9sicos","publisher":{"@id":"https:\/\/titaniumfix.com\/es\/#organization"},"alternateName":"Titaniumfix","potentialAction":[{"@type":"SearchAction","target":{"@type":"EntryPoint","urlTemplate":"https:\/\/titaniumfix.com\/es\/?s={search_term_string}"},"query-input":{"@type":"PropertyValueSpecification","valueRequired":true,"valueName":"search_term_string"}}],"inLanguage":"pt-BR"},{"@type":"Organization","@id":"https:\/\/titaniumfix.com\/es\/#organization","name":"Titaniumfix","alternateName":"Titaniumfix","url":"https:\/\/titaniumfix.com\/es\/","logo":{"@type":"ImageObject","inLanguage":"pt-BR","@id":"https:\/\/titaniumfix.com\/es\/#\/schema\/logo\/image\/","url":"","contentUrl":"","caption":"Titaniumfix"},"image":{"@id":"https:\/\/titaniumfix.com\/es\/#\/schema\/logo\/image\/"},"sameAs":["https:\/\/www.facebook.com\/titaniumfixbr","https:\/\/www.instagram.com\/titaniumfixbr\/"]}]}},"meta_box":[],"_links":{"self":[{"href":"https:\/\/titaniumfix.com\/es\/wp-json\/wp\/v2\/pages\/286","targetHints":{"allow":["GET"]}}],"collection":[{"href":"https:\/\/titaniumfix.com\/es\/wp-json\/wp\/v2\/pages"}],"about":[{"href":"https:\/\/titaniumfix.com\/es\/wp-json\/wp\/v2\/types\/page"}],"author":[{"embeddable":true,"href":"https:\/\/titaniumfix.com\/es\/wp-json\/wp\/v2\/users\/1"}],"replies":[{"embeddable":true,"href":"https:\/\/titaniumfix.com\/es\/wp-json\/wp\/v2\/comments?post=286"}],"version-history":[{"count":20,"href":"https:\/\/titaniumfix.com\/es\/wp-json\/wp\/v2\/pages\/286\/revisions"}],"predecessor-version":[{"id":6783,"href":"https:\/\/titaniumfix.com\/es\/wp-json\/wp\/v2\/pages\/286\/revisions\/6783"}],"wp:featuredmedia":[{"embeddable":true,"href":"https:\/\/titaniumfix.com\/es\/wp-json\/wp\/v2\/media\/628"}],"wp:attachment":[{"href":"https:\/\/titaniumfix.com\/es\/wp-json\/wp\/v2\/media?parent=286"}],"curies":[{"name":"wp","href":"https:\/\/api.w.org\/{rel}","templated":true}]}}