{"id":284,"date":"2022-06-03T08:34:35","date_gmt":"2022-06-03T11:34:35","guid":{"rendered":"https:\/\/novosite.titaniumfix.com.br\/?page_id=284"},"modified":"2024-08-30T14:48:12","modified_gmt":"2024-08-30T17:48:12","slug":"garantia","status":"publish","type":"page","link":"https:\/\/titaniumfix.com\/es\/garantia\/","title":{"rendered":"Garant\u00eda"},"content":{"rendered":"\t\t<div data-elementor-type=\"wp-page\" data-elementor-id=\"284\" class=\"elementor elementor-284\" data-elementor-post-type=\"page\">\n\t\t\t\t\t\t<section class=\"elementor-section elementor-top-section elementor-element elementor-element-3b32f40 elementor-section-height-min-height css-header elementor-section-boxed elementor-section-height-default elementor-section-items-middle\" data-id=\"3b32f40\" data-element_type=\"section\" data-e-type=\"section\" data-settings=\"{&quot;background_background&quot;:&quot;classic&quot;}\">\n\t\t\t\t\t\t\t<div class=\"elementor-background-overlay\"><\/div>\n\t\t\t\t\t\t\t<div class=\"elementor-container elementor-column-gap-default\">\n\t\t\t\t\t<div class=\"elementor-column elementor-col-100 elementor-top-column elementor-element elementor-element-69cfccc\" data-id=\"69cfccc\" data-element_type=\"column\" data-e-type=\"column\">\n\t\t\t<div class=\"elementor-widget-wrap elementor-element-populated\">\n\t\t\t\t\t\t<div class=\"elementor-element elementor-element-346ecac elementor-widget elementor-widget-heading\" data-id=\"346ecac\" data-element_type=\"widget\" data-e-type=\"widget\" data-widget_type=\"heading.default\">\n\t\t\t\t<div class=\"elementor-widget-container\">\n\t\t\t\t\t<h1 class=\"elementor-heading-title elementor-size-default\">Garant\u00eda<\/h1>\t\t\t\t<\/div>\n\t\t\t\t<\/div>\n\t\t\t\t\t<\/div>\n\t\t<\/div>\n\t\t\t\t\t<\/div>\n\t\t<\/section>\n\t\t\t\t<section class=\"elementor-section elementor-top-section elementor-element elementor-element-f93db78 elementor-section-boxed elementor-section-height-default elementor-section-height-default\" data-id=\"f93db78\" data-element_type=\"section\" data-e-type=\"section\">\n\t\t\t\t\t\t<div class=\"elementor-container elementor-column-gap-default\">\n\t\t\t\t\t<div class=\"elementor-column elementor-col-100 elementor-top-column elementor-element elementor-element-b409a65\" data-id=\"b409a65\" data-element_type=\"column\" data-e-type=\"column\">\n\t\t\t<div class=\"elementor-widget-wrap elementor-element-populated\">\n\t\t\t\t\t\t<div class=\"elementor-element elementor-element-18af5c6 elementor-widget elementor-widget-shortcode\" data-id=\"18af5c6\" data-element_type=\"widget\" data-e-type=\"widget\" data-widget_type=\"shortcode.default\">\n\t\t\t\t<div class=\"elementor-widget-container\">\n\t\t\t\t\t\t\t<div class=\"elementor-shortcode\"><span><span><a href=\"https:\/\/titaniumfix.com\/es\/\">In\u00edcio<\/a><\/span><\/span>\n<\/div>\n\t\t\t\t\t\t<\/div>\n\t\t\t\t<\/div>\n\t\t\t\t<div class=\"elementor-element elementor-element-1c38b90 elementor-widget elementor-widget-heading\" data-id=\"1c38b90\" data-element_type=\"widget\" data-e-type=\"widget\" data-widget_type=\"heading.default\">\n\t\t\t\t<div class=\"elementor-widget-container\">\n\t\t\t\t\t<h2 class=\"elementor-heading-title elementor-size-default\">Pol\u00edtica de garant\u00eda y cambio<\/h2>\t\t\t\t<\/div>\n\t\t\t\t<\/div>\n\t\t\t\t<div class=\"elementor-element elementor-element-9349d1c elementor-widget elementor-widget-text-editor\" data-id=\"9349d1c\" data-element_type=\"widget\" data-e-type=\"widget\" data-widget_type=\"text-editor.default\">\n\t\t\t\t<div class=\"elementor-widget-container\">\n\t\t\t\t\t\t\t\t\t<p>A. S. Technology Componentes Especiais LTDA garantiza a sus clientes la reposici\u00f3n de sus implantes, componentes prot\u00e9sicos e instrumentos quir\u00fargicos, siempre que se encuentre un <strong>defecto de fabricaci\u00f3n<\/strong> en estos productos, <strong>dentro de los 90 (noventa) d\u00edas<\/strong>, a partir de:<\/p><p><strong>\u2022<\/strong> la emisi\u00f3n de la factura, en caso de defectos aparentes o f\u00e1cilmente detectables;<br \/><strong>\u2022<\/strong> desde el momento en que el defecto se hace evidente, en caso de defecto oculto.<\/p><p>A. S. Technology Componentes Especiais LTDA ofrece a sus clientes una <strong>GARANT\u00cdA DE POR VIDA<\/strong> que garantiza la reposici\u00f3n de <strong>cualquier implante Titaniumfix original<\/strong> colocado a sus pacientes. Esta garant\u00eda, <strong>v\u00e1lida \u00fanicamente para implantes oseointegrados, es de por vida<\/strong>. Titaniumfix tambi\u00e9n ofrece una garant\u00eda para la sustituci\u00f3n de pilares met\u00e1licos y tornillos originales <strong>por un per\u00edodo de 5 (cinco) a\u00f1os<\/strong>. Los primeros 90 (noventa) d\u00edas se refieren a la garant\u00eda legal prevista en el C\u00f3digo de Protecci\u00f3n al Consumidor (aplicable a los clientes residentes en Brasil) y el per\u00edodo posterior se refiere a la garant\u00eda contractual y es otorgado por la mera liberalidad del fabricante. Los plazos de garant\u00eda se cuentan a partir de la fecha de emisi\u00f3n de la factura, dirigida al propio odont\u00f3logo.<\/p><p>Titaniumfix ofrece los siguientes per\u00edodos de garant\u00eda para sus productos:<\/p>\t\t\t\t\t\t\t\t<\/div>\n\t\t\t\t<\/div>\n\t\t\t\t<div class=\"elementor-element elementor-element-1803e69 elementor-widget elementor-widget-image\" data-id=\"1803e69\" data-element_type=\"widget\" data-e-type=\"widget\" data-widget_type=\"image.default\">\n\t\t\t\t<div class=\"elementor-widget-container\">\n\t\t\t\t\t\t\t\t\t\t\t\t\t\t\t<img decoding=\"async\" src=\"https:\/\/titaniumfix.com\/es\/wp-content\/uploads\/elementor\/thumbs\/tabela-garantia-es-qtc5n0aofsj7vuuroioj9ov7p39e0ozfwl844zyf5k.png\" title=\"tabela-garantia-es\" alt=\"tabela-garantia-es\" loading=\"lazy\" \/>\t\t\t\t\t\t\t\t\t\t\t\t\t\t\t<\/div>\n\t\t\t\t<\/div>\n\t\t\t\t<div class=\"elementor-element elementor-element-5d6b99a elementor-widget elementor-widget-text-editor\" data-id=\"5d6b99a\" data-element_type=\"widget\" data-e-type=\"widget\" data-widget_type=\"text-editor.default\">\n\t\t\t\t<div class=\"elementor-widget-container\">\n\t\t\t\t\t\t\t\t\t<p><em>* Esta garant\u00eda cubre componentes prot\u00e9sicos met\u00e1licos, no personalizables y no provisionales (pilares y tornillos). Quedan excluidos de la garant\u00eda: pilares y cofias calcinables (con o sin base met\u00e1lica), pilares met\u00e1licos personalizables y\/o personalizados, pilares y cofias provisionales, transfers digitales o anal\u00f3gicos, componentes de protecci\u00f3n y cobertura de implantes y an\u00e1logos. Para estos productos, Titaniumfix s\u00f3lo ofrece las garant\u00edas previstas por la ley.<\/em><\/p><p><em>** Componentes prot\u00e9sicos met\u00e1licos, no personalizables y no provisionales (pilares y tornillos).<\/em><\/p>\t\t\t\t\t\t\t\t<\/div>\n\t\t\t\t<\/div>\n\t\t\t\t<div class=\"elementor-element elementor-element-8b24906 elementor-widget elementor-widget-text-editor\" data-id=\"8b24906\" data-element_type=\"widget\" data-e-type=\"widget\" data-widget_type=\"text-editor.default\">\n\t\t\t\t<div class=\"elementor-widget-container\">\n\t\t\t\t\t\t\t\t\t<p>La <strong>GARANT\u00cdA DE POR VIDA<\/strong> de Titaniumfix presupone el uso del producto y garantiza al paciente la finalidad para la que est\u00e1 destinado el producto. La garant\u00eda contractual Titaniumfix no puede confundirse con una pol\u00edtica de cambio de producto. Por lo tanto, si el dentista no utiliz\u00f3 el producto, \u00e9ste no est\u00e1 cubierto por la garant\u00eda, pero podr\u00e1 utilizar la pol\u00edtica de cambio Titaniumfix, siempre y cuando se observen las siguientes condiciones:<\/p><p><strong>\u2022<\/strong> No se cambiar\u00e1n los <strong>productos abiertos por error y\/o contaminados<\/strong> durante la cirug\u00eda, aunque no se utilicen.<br \/><strong>\u2022<\/strong> Bajo ninguna circunstancia A. S. Technology aceptar\u00e1 la devoluci\u00f3n de productos deteriorados, alterados, adulterados, da\u00f1ados, falsificados, corruptos, fraudulentos o que se hayan vuelto, de cualquier forma, nocivos para la vida o la salud, peligrosos o inadecuados para el fin para el cual est\u00e1n destinados.<br \/><strong>\u2022<\/strong> Los componentes s\u00f3lo se cambiar\u00e1n <strong>por la misma familia<\/strong> de componentes.<br \/><strong>\u2022<\/strong> No se realizar\u00e1n cambios por productos con <strong>fecha de vencimiento vencida<\/strong> o con un <strong>plazo menor a 6 (seis) meses<\/strong> hasta la fecha de vencimiento.<br \/><strong>\u2022<\/strong> El cambio de implantes oseointegrados sellados por implantes de otros tama\u00f1os y\/o modelos s\u00f3lo se realizar\u00e1 si la solicitud se realiza <strong>dentro de los 6 (seis) meses<\/strong> siguientes a la emisi\u00f3n de la factura.<br \/><strong>\u2022<\/strong> La respuesta al cliente por parte de Titaniumfix se realizar\u00e1 <strong>dentro de los 90 (noventa) d\u00edas<\/strong> siguientes a la recepci\u00f3n del producto, siempre que se cumplan todas las condiciones aqu\u00ed descritas.<br \/><strong>\u2022<\/strong> No se realizar\u00e1 ning\u00fan cambio sin la correspondiente copia o duplicado de la factura que acompa\u00f1aba al producto en el momento de la venta.<\/p>\t\t\t\t\t\t\t\t<\/div>\n\t\t\t\t<\/div>\n\t\t\t\t\t<\/div>\n\t\t<\/div>\n\t\t\t\t\t<\/div>\n\t\t<\/section>\n\t\t\t\t<section class=\"elementor-section elementor-top-section elementor-element elementor-element-9636cd4 elementor-section-boxed elementor-section-height-default elementor-section-height-default\" data-id=\"9636cd4\" data-element_type=\"section\" data-e-type=\"section\">\n\t\t\t\t\t\t<div class=\"elementor-container elementor-column-gap-default\">\n\t\t\t\t\t<div class=\"elementor-column elementor-col-100 elementor-top-column elementor-element elementor-element-e5c3c9a\" data-id=\"e5c3c9a\" data-element_type=\"column\" data-e-type=\"column\">\n\t\t\t<div class=\"elementor-widget-wrap elementor-element-populated\">\n\t\t\t\t\t\t<div class=\"elementor-element elementor-element-b30aaac elementor-widget elementor-widget-spacer\" data-id=\"b30aaac\" data-element_type=\"widget\" data-e-type=\"widget\" data-widget_type=\"spacer.default\">\n\t\t\t\t<div class=\"elementor-widget-container\">\n\t\t\t\t\t\t\t<div class=\"elementor-spacer\">\n\t\t\t<div class=\"elementor-spacer-inner\"><\/div>\n\t\t<\/div>\n\t\t\t\t\t\t<\/div>\n\t\t\t\t<\/div>\n\t\t\t\t<section class=\"elementor-section elementor-inner-section elementor-element elementor-element-539c1e4 elementor-section-boxed elementor-section-height-default elementor-section-height-default\" data-id=\"539c1e4\" data-element_type=\"section\" data-e-type=\"section\">\n\t\t\t\t\t\t<div class=\"elementor-container elementor-column-gap-default\">\n\t\t\t\t\t<div class=\"elementor-column elementor-col-100 elementor-inner-column elementor-element elementor-element-c96a28b\" data-id=\"c96a28b\" data-element_type=\"column\" data-e-type=\"column\">\n\t\t\t<div class=\"elementor-widget-wrap elementor-element-populated\">\n\t\t\t\t\t\t<div class=\"elementor-element elementor-element-4b914bd elementor-widget elementor-widget-text-editor\" data-id=\"4b914bd\" data-element_type=\"widget\" data-e-type=\"widget\" data-widget_type=\"text-editor.default\">\n\t\t\t\t<div class=\"elementor-widget-container\">\n\t\t\t\t\t\t\t\t\t<p><strong>\u00bfNecesitas m\u00e1s informaci\u00f3n?<\/strong><\/p>\t\t\t\t\t\t\t\t<\/div>\n\t\t\t\t<\/div>\n\t\t\t\t\t<\/div>\n\t\t<\/div>\n\t\t\t\t\t<\/div>\n\t\t<\/section>\n\t\t\t\t<section class=\"elementor-section elementor-inner-section elementor-element elementor-element-5897f15 elementor-section-boxed elementor-section-height-default elementor-section-height-default\" data-id=\"5897f15\" data-element_type=\"section\" data-e-type=\"section\">\n\t\t\t\t\t\t<div class=\"elementor-container elementor-column-gap-default\">\n\t\t\t\t\t<div class=\"elementor-column elementor-col-100 elementor-inner-column elementor-element elementor-element-219850e\" data-id=\"219850e\" data-element_type=\"column\" data-e-type=\"column\">\n\t\t\t<div class=\"elementor-widget-wrap elementor-element-populated\">\n\t\t\t\t\t\t<div class=\"elementor-element elementor-element-514b668 elementor-align-center elementor-widget elementor-widget-button\" data-id=\"514b668\" data-element_type=\"widget\" data-e-type=\"widget\" data-widget_type=\"button.default\">\n\t\t\t\t<div class=\"elementor-widget-container\">\n\t\t\t\t\t\t\t\t\t<div class=\"elementor-button-wrapper\">\n\t\t\t\t\t<a class=\"elementor-button elementor-button-link elementor-size-sm\" href=\"https:\/\/wa.me\/5512982510069\">\n\t\t\t\t\t\t<span class=\"elementor-button-content-wrapper\">\n\t\t\t\t\t\t<span class=\"elementor-button-icon\">\n\t\t\t\t<i aria-hidden=\"true\" class=\"fab fa-whatsapp\"><\/i>\t\t\t<\/span>\n\t\t\t\t\t\t\t\t\t<span class=\"elementor-button-text\">Habla con nuestro equipo de ventas<\/span>\n\t\t\t\t\t<\/span>\n\t\t\t\t\t<\/a>\n\t\t\t\t<\/div>\n\t\t\t\t\t\t\t\t<\/div>\n\t\t\t\t<\/div>\n\t\t\t\t\t<\/div>\n\t\t<\/div>\n\t\t\t\t\t<\/div>\n\t\t<\/section>\n\t\t\t\t\t<\/div>\n\t\t<\/div>\n\t\t\t\t\t<\/div>\n\t\t<\/section>\n\t\t\t\t<\/div>\n\t\t","protected":false},"excerpt":{"rendered":"<p>Garant\u00eda Pol\u00edtica de garant\u00eda y cambio A. S. Technology Componentes Especiais LTDA garantiza a sus clientes la reposici\u00f3n de sus implantes, componentes prot\u00e9sicos e instrumentos quir\u00fargicos, siempre que se encuentre un defecto de fabricaci\u00f3n en estos productos, dentro de los 90 (noventa) d\u00edas, a partir de: \u2022 la emisi\u00f3n de la factura, en caso de [&hellip;]<\/p>\n","protected":false},"author":1,"featured_media":3062,"parent":0,"menu_order":0,"comment_status":"closed","ping_status":"closed","template":"","meta":{"footnotes":""},"class_list":["post-284","page","type-page","status-publish","has-post-thumbnail","hentry"],"yoast_head":"<!-- This site is optimized with the Yoast SEO plugin v27.2 - https:\/\/yoast.com\/product\/yoast-seo-wordpress\/ -->\n<title>Garant\u00eda | Titaniumfix<\/title>\n<meta name=\"description\" content=\"Titaniumfix garantiza a sus clientes la reposici\u00f3n de sus implantes, componentes prot\u00e9sicos e instrumental quir\u00fargico...\" \/>\n<meta name=\"robots\" content=\"index, follow, max-snippet:-1, max-image-preview:large, max-video-preview:-1\" \/>\n<link rel=\"canonical\" href=\"https:\/\/titaniumfix.com\/es\/garantia\/\" \/>\n<meta property=\"og:locale\" content=\"pt_BR\" \/>\n<meta property=\"og:type\" content=\"article\" \/>\n<meta property=\"og:title\" content=\"Garant\u00eda | Titaniumfix\" \/>\n<meta property=\"og:description\" content=\"Titaniumfix garantiza a sus clientes la reposici\u00f3n de sus implantes, componentes prot\u00e9sicos e instrumental quir\u00fargico...\" \/>\n<meta property=\"og:url\" content=\"https:\/\/titaniumfix.com\/es\/garantia\/\" \/>\n<meta property=\"og:site_name\" content=\"Titaniumfix\" \/>\n<meta property=\"article:publisher\" content=\"https:\/\/www.facebook.com\/titaniumfixbr\" \/>\n<meta property=\"article:modified_time\" content=\"2024-08-30T17:48:12+00:00\" \/>\n<meta property=\"og:image\" content=\"https:\/\/titaniumfix.com\/es\/wp-content\/uploads\/2023\/03\/moca-cadastro-2.jpg\" \/>\n\t<meta property=\"og:image:width\" content=\"1613\" \/>\n\t<meta property=\"og:image:height\" content=\"1075\" \/>\n\t<meta property=\"og:image:type\" content=\"image\/jpeg\" \/>\n<meta name=\"twitter:card\" content=\"summary_large_image\" \/>\n<meta name=\"twitter:label1\" content=\"Est. tempo de leitura\" \/>\n\t<meta name=\"twitter:data1\" content=\"4 minutos\" \/>\n<script type=\"application\/ld+json\" class=\"yoast-schema-graph\">{\"@context\":\"https:\/\/schema.org\",\"@graph\":[{\"@type\":\"WebPage\",\"@id\":\"https:\/\/titaniumfix.com\/es\/garantia\/\",\"url\":\"https:\/\/titaniumfix.com\/es\/garantia\/\",\"name\":\"Garant\u00eda | Titaniumfix\",\"isPartOf\":{\"@id\":\"https:\/\/titaniumfix.com\/es\/#website\"},\"primaryImageOfPage\":{\"@id\":\"https:\/\/titaniumfix.com\/es\/garantia\/#primaryimage\"},\"image\":{\"@id\":\"https:\/\/titaniumfix.com\/es\/garantia\/#primaryimage\"},\"thumbnailUrl\":\"https:\/\/titaniumfix.com\/es\/wp-content\/uploads\/2023\/03\/moca-cadastro-2.jpg\",\"datePublished\":\"2022-06-03T11:34:35+00:00\",\"dateModified\":\"2024-08-30T17:48:12+00:00\",\"description\":\"Titaniumfix garantiza a sus clientes la reposici\u00f3n de sus implantes, componentes prot\u00e9sicos e instrumental quir\u00fargico...\",\"breadcrumb\":{\"@id\":\"https:\/\/titaniumfix.com\/es\/garantia\/#breadcrumb\"},\"inLanguage\":\"pt-BR\",\"potentialAction\":[{\"@type\":\"ReadAction\",\"target\":[\"https:\/\/titaniumfix.com\/es\/garantia\/\"]}]},{\"@type\":\"ImageObject\",\"inLanguage\":\"pt-BR\",\"@id\":\"https:\/\/titaniumfix.com\/es\/garantia\/#primaryimage\",\"url\":\"https:\/\/titaniumfix.com\/es\/wp-content\/uploads\/2023\/03\/moca-cadastro-2.jpg\",\"contentUrl\":\"https:\/\/titaniumfix.com\/es\/wp-content\/uploads\/2023\/03\/moca-cadastro-2.jpg\",\"width\":1613,\"height\":1075,\"caption\":\"Remote Job. Profile Side View Of Smiling Female Freelancer Talking On Cellphone And Working On Laptop At Home Office, Positive Woman Using Pc Having Pleasant Phone Conversation, Typing On Keyboard\"},{\"@type\":\"BreadcrumbList\",\"@id\":\"https:\/\/titaniumfix.com\/es\/garantia\/#breadcrumb\",\"itemListElement\":[{\"@type\":\"ListItem\",\"position\":1,\"name\":\"In\u00edcio\",\"item\":\"https:\/\/titaniumfix.com\/es\/\"},{\"@type\":\"ListItem\",\"position\":2,\"name\":\"Garant\u00eda\"}]},{\"@type\":\"WebSite\",\"@id\":\"https:\/\/titaniumfix.com\/es\/#website\",\"url\":\"https:\/\/titaniumfix.com\/es\/\",\"name\":\"Titaniumfix\",\"description\":\"Implantes dentales y Aditamentos prot\u00e9sicos\",\"publisher\":{\"@id\":\"https:\/\/titaniumfix.com\/es\/#organization\"},\"alternateName\":\"Titaniumfix\",\"potentialAction\":[{\"@type\":\"SearchAction\",\"target\":{\"@type\":\"EntryPoint\",\"urlTemplate\":\"https:\/\/titaniumfix.com\/es\/?s={search_term_string}\"},\"query-input\":{\"@type\":\"PropertyValueSpecification\",\"valueRequired\":true,\"valueName\":\"search_term_string\"}}],\"inLanguage\":\"pt-BR\"},{\"@type\":\"Organization\",\"@id\":\"https:\/\/titaniumfix.com\/es\/#organization\",\"name\":\"Titaniumfix\",\"alternateName\":\"Titaniumfix\",\"url\":\"https:\/\/titaniumfix.com\/es\/\",\"logo\":{\"@type\":\"ImageObject\",\"inLanguage\":\"pt-BR\",\"@id\":\"https:\/\/titaniumfix.com\/es\/#\/schema\/logo\/image\/\",\"url\":\"\",\"contentUrl\":\"\",\"caption\":\"Titaniumfix\"},\"image\":{\"@id\":\"https:\/\/titaniumfix.com\/es\/#\/schema\/logo\/image\/\"},\"sameAs\":[\"https:\/\/www.facebook.com\/titaniumfixbr\",\"https:\/\/www.instagram.com\/titaniumfixbr\/\"]}]}<\/script>\n<!-- \/ Yoast SEO plugin. -->","yoast_head_json":{"title":"Garant\u00eda | Titaniumfix","description":"Titaniumfix garantiza a sus clientes la reposici\u00f3n de sus implantes, componentes prot\u00e9sicos e instrumental quir\u00fargico...","robots":{"index":"index","follow":"follow","max-snippet":"max-snippet:-1","max-image-preview":"max-image-preview:large","max-video-preview":"max-video-preview:-1"},"canonical":"https:\/\/titaniumfix.com\/es\/garantia\/","og_locale":"pt_BR","og_type":"article","og_title":"Garant\u00eda | Titaniumfix","og_description":"Titaniumfix garantiza a sus clientes la reposici\u00f3n de sus implantes, componentes prot\u00e9sicos e instrumental quir\u00fargico...","og_url":"https:\/\/titaniumfix.com\/es\/garantia\/","og_site_name":"Titaniumfix","article_publisher":"https:\/\/www.facebook.com\/titaniumfixbr","article_modified_time":"2024-08-30T17:48:12+00:00","og_image":[{"width":1613,"height":1075,"url":"https:\/\/titaniumfix.com\/es\/wp-content\/uploads\/2023\/03\/moca-cadastro-2.jpg","type":"image\/jpeg"}],"twitter_card":"summary_large_image","twitter_misc":{"Est. tempo de leitura":"4 minutos"},"schema":{"@context":"https:\/\/schema.org","@graph":[{"@type":"WebPage","@id":"https:\/\/titaniumfix.com\/es\/garantia\/","url":"https:\/\/titaniumfix.com\/es\/garantia\/","name":"Garant\u00eda | Titaniumfix","isPartOf":{"@id":"https:\/\/titaniumfix.com\/es\/#website"},"primaryImageOfPage":{"@id":"https:\/\/titaniumfix.com\/es\/garantia\/#primaryimage"},"image":{"@id":"https:\/\/titaniumfix.com\/es\/garantia\/#primaryimage"},"thumbnailUrl":"https:\/\/titaniumfix.com\/es\/wp-content\/uploads\/2023\/03\/moca-cadastro-2.jpg","datePublished":"2022-06-03T11:34:35+00:00","dateModified":"2024-08-30T17:48:12+00:00","description":"Titaniumfix garantiza a sus clientes la reposici\u00f3n de sus implantes, componentes prot\u00e9sicos e instrumental quir\u00fargico...","breadcrumb":{"@id":"https:\/\/titaniumfix.com\/es\/garantia\/#breadcrumb"},"inLanguage":"pt-BR","potentialAction":[{"@type":"ReadAction","target":["https:\/\/titaniumfix.com\/es\/garantia\/"]}]},{"@type":"ImageObject","inLanguage":"pt-BR","@id":"https:\/\/titaniumfix.com\/es\/garantia\/#primaryimage","url":"https:\/\/titaniumfix.com\/es\/wp-content\/uploads\/2023\/03\/moca-cadastro-2.jpg","contentUrl":"https:\/\/titaniumfix.com\/es\/wp-content\/uploads\/2023\/03\/moca-cadastro-2.jpg","width":1613,"height":1075,"caption":"Remote Job. Profile Side View Of Smiling Female Freelancer Talking On Cellphone And Working On Laptop At Home Office, Positive Woman Using Pc Having Pleasant Phone Conversation, Typing On Keyboard"},{"@type":"BreadcrumbList","@id":"https:\/\/titaniumfix.com\/es\/garantia\/#breadcrumb","itemListElement":[{"@type":"ListItem","position":1,"name":"In\u00edcio","item":"https:\/\/titaniumfix.com\/es\/"},{"@type":"ListItem","position":2,"name":"Garant\u00eda"}]},{"@type":"WebSite","@id":"https:\/\/titaniumfix.com\/es\/#website","url":"https:\/\/titaniumfix.com\/es\/","name":"Titaniumfix","description":"Implantes dentales y Aditamentos prot\u00e9sicos","publisher":{"@id":"https:\/\/titaniumfix.com\/es\/#organization"},"alternateName":"Titaniumfix","potentialAction":[{"@type":"SearchAction","target":{"@type":"EntryPoint","urlTemplate":"https:\/\/titaniumfix.com\/es\/?s={search_term_string}"},"query-input":{"@type":"PropertyValueSpecification","valueRequired":true,"valueName":"search_term_string"}}],"inLanguage":"pt-BR"},{"@type":"Organization","@id":"https:\/\/titaniumfix.com\/es\/#organization","name":"Titaniumfix","alternateName":"Titaniumfix","url":"https:\/\/titaniumfix.com\/es\/","logo":{"@type":"ImageObject","inLanguage":"pt-BR","@id":"https:\/\/titaniumfix.com\/es\/#\/schema\/logo\/image\/","url":"","contentUrl":"","caption":"Titaniumfix"},"image":{"@id":"https:\/\/titaniumfix.com\/es\/#\/schema\/logo\/image\/"},"sameAs":["https:\/\/www.facebook.com\/titaniumfixbr","https:\/\/www.instagram.com\/titaniumfixbr\/"]}]}},"meta_box":[],"_links":{"self":[{"href":"https:\/\/titaniumfix.com\/es\/wp-json\/wp\/v2\/pages\/284","targetHints":{"allow":["GET"]}}],"collection":[{"href":"https:\/\/titaniumfix.com\/es\/wp-json\/wp\/v2\/pages"}],"about":[{"href":"https:\/\/titaniumfix.com\/es\/wp-json\/wp\/v2\/types\/page"}],"author":[{"embeddable":true,"href":"https:\/\/titaniumfix.com\/es\/wp-json\/wp\/v2\/users\/1"}],"replies":[{"embeddable":true,"href":"https:\/\/titaniumfix.com\/es\/wp-json\/wp\/v2\/comments?post=284"}],"version-history":[{"count":20,"href":"https:\/\/titaniumfix.com\/es\/wp-json\/wp\/v2\/pages\/284\/revisions"}],"predecessor-version":[{"id":6515,"href":"https:\/\/titaniumfix.com\/es\/wp-json\/wp\/v2\/pages\/284\/revisions\/6515"}],"wp:featuredmedia":[{"embeddable":true,"href":"https:\/\/titaniumfix.com\/es\/wp-json\/wp\/v2\/media\/3062"}],"wp:attachment":[{"href":"https:\/\/titaniumfix.com\/es\/wp-json\/wp\/v2\/media?parent=284"}],"curies":[{"name":"wp","href":"https:\/\/api.w.org\/{rel}","templated":true}]}}