{"id":6751,"date":"2026-02-05T15:19:08","date_gmt":"2026-02-05T18:19:08","guid":{"rendered":"https:\/\/titaniumfix.com\/br\/?page_id=6751"},"modified":"2026-02-13T12:21:37","modified_gmt":"2026-02-13T15:21:37","slug":"videos","status":"publish","type":"page","link":"https:\/\/titaniumfix.com\/br\/videos\/","title":{"rendered":"V\u00eddeos"},"content":{"rendered":"\t\t<div data-elementor-type=\"wp-page\" data-elementor-id=\"6751\" class=\"elementor elementor-6751\" data-elementor-post-type=\"page\">\n\t\t\t\t\t\t<section class=\"elementor-section elementor-top-section elementor-element elementor-element-3b32f40 elementor-section-height-min-height css-header elementor-section-boxed elementor-section-height-default elementor-section-items-middle\" data-id=\"3b32f40\" data-element_type=\"section\" data-e-type=\"section\" data-settings=\"{&quot;background_background&quot;:&quot;classic&quot;}\">\n\t\t\t\t\t\t\t<div class=\"elementor-background-overlay\"><\/div>\n\t\t\t\t\t\t\t<div class=\"elementor-container elementor-column-gap-default\">\n\t\t\t\t\t<div class=\"elementor-column elementor-col-100 elementor-top-column elementor-element elementor-element-69cfccc\" data-id=\"69cfccc\" data-element_type=\"column\" data-e-type=\"column\">\n\t\t\t<div class=\"elementor-widget-wrap elementor-element-populated\">\n\t\t\t\t\t\t<div class=\"elementor-element elementor-element-346ecac elementor-widget elementor-widget-heading\" data-id=\"346ecac\" data-element_type=\"widget\" data-e-type=\"widget\" data-widget_type=\"heading.default\">\n\t\t\t\t<div class=\"elementor-widget-container\">\n\t\t\t\t\t<h1 class=\"elementor-heading-title elementor-size-default\">Biblioteca de v\u00eddeos<\/h1>\t\t\t\t<\/div>\n\t\t\t\t<\/div>\n\t\t\t\t\t<\/div>\n\t\t<\/div>\n\t\t\t\t\t<\/div>\n\t\t<\/section>\n\t\t\t\t<section class=\"elementor-section elementor-top-section elementor-element elementor-element-f93db78 elementor-section-boxed elementor-section-height-default elementor-section-height-default\" data-id=\"f93db78\" data-element_type=\"section\" data-e-type=\"section\">\n\t\t\t\t\t\t<div class=\"elementor-container elementor-column-gap-default\">\n\t\t\t\t\t<div class=\"elementor-column elementor-col-100 elementor-top-column elementor-element elementor-element-b409a65\" data-id=\"b409a65\" data-element_type=\"column\" data-e-type=\"column\">\n\t\t\t<div class=\"elementor-widget-wrap elementor-element-populated\">\n\t\t\t\t\t\t<div class=\"elementor-element elementor-element-18af5c6 elementor-widget elementor-widget-shortcode\" data-id=\"18af5c6\" data-element_type=\"widget\" data-e-type=\"widget\" data-widget_type=\"shortcode.default\">\n\t\t\t\t<div class=\"elementor-widget-container\">\n\t\t\t\t\t\t\t<div class=\"elementor-shortcode\"><span><span><a href=\"https:\/\/titaniumfix.com\/br\/\">In\u00edcio<\/a><\/span><\/span>\n<\/div>\n\t\t\t\t\t\t<\/div>\n\t\t\t\t<\/div>\n\t\t\t\t\t<\/div>\n\t\t<\/div>\n\t\t\t\t\t<\/div>\n\t\t<\/section>\n\t\t\t\t<section class=\"elementor-section elementor-top-section elementor-element elementor-element-8bcbb44 elementor-section-boxed elementor-section-height-default elementor-section-height-default\" data-id=\"8bcbb44\" data-element_type=\"section\" data-e-type=\"section\">\n\t\t\t\t\t\t<div class=\"elementor-container elementor-column-gap-default\">\n\t\t\t\t\t<div class=\"elementor-column elementor-col-100 elementor-top-column elementor-element elementor-element-a064482\" data-id=\"a064482\" data-element_type=\"column\" data-e-type=\"column\">\n\t\t\t<div class=\"elementor-widget-wrap elementor-element-populated\">\n\t\t\t\t\t\t<div class=\"elementor-element elementor-element-4b8b23c elementor-widget elementor-widget-spacer\" data-id=\"4b8b23c\" data-element_type=\"widget\" data-e-type=\"widget\" data-widget_type=\"spacer.default\">\n\t\t\t\t<div class=\"elementor-widget-container\">\n\t\t\t\t\t\t\t<div class=\"elementor-spacer\">\n\t\t\t<div class=\"elementor-spacer-inner\"><\/div>\n\t\t<\/div>\n\t\t\t\t\t\t<\/div>\n\t\t\t\t<\/div>\n\t\t\t\t<div class=\"elementor-element elementor-element-d120fb3 elementor-widget elementor-widget-heading\" data-id=\"d120fb3\" data-element_type=\"widget\" data-e-type=\"widget\" data-widget_type=\"heading.default\">\n\t\t\t\t<div class=\"elementor-widget-container\">\n\t\t\t\t\t<h2 class=\"elementor-heading-title elementor-size-default\">Kit Stop Drill<\/h2>\t\t\t\t<\/div>\n\t\t\t\t<\/div>\n\t\t\t\t<section class=\"elementor-section elementor-inner-section elementor-element elementor-element-539ab69 elementor-section-boxed elementor-section-height-default elementor-section-height-default\" data-id=\"539ab69\" data-element_type=\"section\" data-e-type=\"section\">\n\t\t\t\t\t\t<div class=\"elementor-container elementor-column-gap-default\">\n\t\t\t\t\t<div class=\"elementor-column elementor-col-33 elementor-inner-column elementor-element elementor-element-e5aca81\" data-id=\"e5aca81\" data-element_type=\"column\" data-e-type=\"column\">\n\t\t\t<div class=\"elementor-widget-wrap elementor-element-populated\">\n\t\t\t\t\t\t<div class=\"elementor-element elementor-element-4c3327c elementor-widget elementor-widget-video\" data-id=\"4c3327c\" data-element_type=\"widget\" data-e-type=\"widget\" data-settings=\"{&quot;youtube_url&quot;:&quot;https:\\\/\\\/youtu.be\\\/yMli9nTXU7g&quot;,&quot;video_type&quot;:&quot;youtube&quot;,&quot;controls&quot;:&quot;yes&quot;}\" data-widget_type=\"video.default\">\n\t\t\t\t<div class=\"elementor-widget-container\">\n\t\t\t\t\t\t\t<div class=\"elementor-wrapper elementor-open-inline\">\n\t\t\t<div class=\"elementor-video\"><\/div>\t\t<\/div>\n\t\t\t\t\t\t<\/div>\n\t\t\t\t<\/div>\n\t\t\t\t<div class=\"elementor-element elementor-element-0d9d531 elementor-widget elementor-widget-text-editor\" data-id=\"0d9d531\" data-element_type=\"widget\" data-e-type=\"widget\" data-widget_type=\"text-editor.default\">\n\t\t\t\t<div class=\"elementor-widget-container\">\n\t\t\t\t\t\t\t\t\t<p>Apresenta\u00e7\u00e3o do kit<\/p>\t\t\t\t\t\t\t\t<\/div>\n\t\t\t\t<\/div>\n\t\t\t\t\t<\/div>\n\t\t<\/div>\n\t\t\t\t<div class=\"elementor-column elementor-col-33 elementor-inner-column elementor-element elementor-element-37d0f5e\" data-id=\"37d0f5e\" data-element_type=\"column\" data-e-type=\"column\">\n\t\t\t<div class=\"elementor-widget-wrap elementor-element-populated\">\n\t\t\t\t\t\t<div class=\"elementor-element elementor-element-7aa06bc elementor-widget elementor-widget-video\" data-id=\"7aa06bc\" data-element_type=\"widget\" data-e-type=\"widget\" data-settings=\"{&quot;youtube_url&quot;:&quot;https:\\\/\\\/youtu.be\\\/lGQ_hKV3lCs&quot;,&quot;video_type&quot;:&quot;youtube&quot;,&quot;controls&quot;:&quot;yes&quot;}\" data-widget_type=\"video.default\">\n\t\t\t\t<div class=\"elementor-widget-container\">\n\t\t\t\t\t\t\t<div class=\"elementor-wrapper elementor-open-inline\">\n\t\t\t<div class=\"elementor-video\"><\/div>\t\t<\/div>\n\t\t\t\t\t\t<\/div>\n\t\t\t\t<\/div>\n\t\t\t\t<div class=\"elementor-element elementor-element-0b05dc8 elementor-widget elementor-widget-text-editor\" data-id=\"0b05dc8\" data-element_type=\"widget\" data-e-type=\"widget\" data-widget_type=\"text-editor.default\">\n\t\t\t\t<div class=\"elementor-widget-container\">\n\t\t\t\t\t\t\t\t\t<p>Como substituir as placas de suporte<\/p>\t\t\t\t\t\t\t\t<\/div>\n\t\t\t\t<\/div>\n\t\t\t\t\t<\/div>\n\t\t<\/div>\n\t\t\t\t<div class=\"elementor-column elementor-col-33 elementor-inner-column elementor-element elementor-element-65cdb7a\" data-id=\"65cdb7a\" data-element_type=\"column\" data-e-type=\"column\">\n\t\t\t<div class=\"elementor-widget-wrap\">\n\t\t\t\t\t\t\t<\/div>\n\t\t<\/div>\n\t\t\t\t\t<\/div>\n\t\t<\/section>\n\t\t\t\t\t<\/div>\n\t\t<\/div>\n\t\t\t\t\t<\/div>\n\t\t<\/section>\n\t\t\t\t<section class=\"elementor-section elementor-top-section elementor-element elementor-element-b4723c6 elementor-section-boxed elementor-section-height-default elementor-section-height-default\" data-id=\"b4723c6\" data-element_type=\"section\" data-e-type=\"section\">\n\t\t\t\t\t\t<div class=\"elementor-container elementor-column-gap-default\">\n\t\t\t\t\t<div class=\"elementor-column elementor-col-100 elementor-top-column elementor-element elementor-element-6906108\" data-id=\"6906108\" data-element_type=\"column\" data-e-type=\"column\">\n\t\t\t<div class=\"elementor-widget-wrap elementor-element-populated\">\n\t\t\t\t\t\t<div class=\"elementor-element elementor-element-ea0e075 elementor-widget-divider--view-line elementor-widget elementor-widget-divider\" data-id=\"ea0e075\" data-element_type=\"widget\" data-e-type=\"widget\" data-widget_type=\"divider.default\">\n\t\t\t\t<div class=\"elementor-widget-container\">\n\t\t\t\t\t\t\t<div class=\"elementor-divider\">\n\t\t\t<span class=\"elementor-divider-separator\">\n\t\t\t\t\t\t<\/span>\n\t\t<\/div>\n\t\t\t\t\t\t<\/div>\n\t\t\t\t<\/div>\n\t\t\t\t\t<\/div>\n\t\t<\/div>\n\t\t\t\t\t<\/div>\n\t\t<\/section>\n\t\t\t\t<section class=\"elementor-section elementor-top-section elementor-element elementor-element-7dcfc57 elementor-section-boxed elementor-section-height-default elementor-section-height-default\" data-id=\"7dcfc57\" data-element_type=\"section\" data-e-type=\"section\">\n\t\t\t\t\t\t<div class=\"elementor-container elementor-column-gap-default\">\n\t\t\t\t\t<div class=\"elementor-column elementor-col-100 elementor-top-column elementor-element elementor-element-c82b50b\" data-id=\"c82b50b\" data-element_type=\"column\" data-e-type=\"column\">\n\t\t\t<div class=\"elementor-widget-wrap elementor-element-populated\">\n\t\t\t\t\t\t<section class=\"elementor-section elementor-inner-section elementor-element elementor-element-a855c89 elementor-section-boxed elementor-section-height-default elementor-section-height-default\" data-id=\"a855c89\" data-element_type=\"section\" data-e-type=\"section\">\n\t\t\t\t\t\t<div class=\"elementor-container elementor-column-gap-default\">\n\t\t\t\t\t<div class=\"elementor-column elementor-col-33 elementor-inner-column elementor-element elementor-element-516329d\" data-id=\"516329d\" data-element_type=\"column\" data-e-type=\"column\">\n\t\t\t<div class=\"elementor-widget-wrap\">\n\t\t\t\t\t\t\t<\/div>\n\t\t<\/div>\n\t\t\t\t<div class=\"elementor-column elementor-col-33 elementor-inner-column elementor-element elementor-element-93bd6cd\" data-id=\"93bd6cd\" data-element_type=\"column\" data-e-type=\"column\">\n\t\t\t<div class=\"elementor-widget-wrap elementor-element-populated\">\n\t\t\t\t\t\t<div class=\"elementor-element elementor-element-be996af elementor-widget elementor-widget-text-editor\" data-id=\"be996af\" data-element_type=\"widget\" data-e-type=\"widget\" data-widget_type=\"text-editor.default\">\n\t\t\t\t<div class=\"elementor-widget-container\">\n\t\t\t\t\t\t\t\t\t<p><strong>Precisa de mais informa\u00e7\u00f5es?<\/strong><\/p>\t\t\t\t\t\t\t\t<\/div>\n\t\t\t\t<\/div>\n\t\t\t\t\t<\/div>\n\t\t<\/div>\n\t\t\t\t<div class=\"elementor-column elementor-col-33 elementor-inner-column elementor-element elementor-element-1d30266\" data-id=\"1d30266\" data-element_type=\"column\" data-e-type=\"column\">\n\t\t\t<div class=\"elementor-widget-wrap\">\n\t\t\t\t\t\t\t<\/div>\n\t\t<\/div>\n\t\t\t\t\t<\/div>\n\t\t<\/section>\n\t\t\t\t\t<\/div>\n\t\t<\/div>\n\t\t\t\t\t<\/div>\n\t\t<\/section>\n\t\t\t\t<section class=\"elementor-section elementor-top-section elementor-element elementor-element-2b79731 elementor-section-boxed elementor-section-height-default elementor-section-height-default\" data-id=\"2b79731\" data-element_type=\"section\" data-e-type=\"section\">\n\t\t\t\t\t\t<div class=\"elementor-container elementor-column-gap-default\">\n\t\t\t\t\t<div class=\"elementor-column elementor-col-100 elementor-top-column elementor-element elementor-element-83fe2f6\" data-id=\"83fe2f6\" data-element_type=\"column\" data-e-type=\"column\">\n\t\t\t<div class=\"elementor-widget-wrap elementor-element-populated\">\n\t\t\t\t\t\t<section class=\"elementor-section elementor-inner-section elementor-element elementor-element-bee589b elementor-section-boxed elementor-section-height-default elementor-section-height-default\" data-id=\"bee589b\" data-element_type=\"section\" data-e-type=\"section\">\n\t\t\t\t\t\t<div class=\"elementor-container elementor-column-gap-default\">\n\t\t\t\t\t<div class=\"elementor-column elementor-col-33 elementor-inner-column elementor-element elementor-element-52d332b\" data-id=\"52d332b\" data-element_type=\"column\" data-e-type=\"column\">\n\t\t\t<div class=\"elementor-widget-wrap elementor-element-populated\">\n\t\t\t\t\t\t<div class=\"elementor-element elementor-element-b265ed4 elementor-align-center elementor-widget elementor-widget-button\" data-id=\"b265ed4\" data-element_type=\"widget\" data-e-type=\"widget\" data-widget_type=\"button.default\">\n\t\t\t\t<div class=\"elementor-widget-container\">\n\t\t\t\t\t\t\t\t\t<div class=\"elementor-button-wrapper\">\n\t\t\t\t\t<a class=\"elementor-button elementor-button-link elementor-size-sm\" href=\"https:\/\/wa.me\/5512981133326\">\n\t\t\t\t\t\t<span class=\"elementor-button-content-wrapper\">\n\t\t\t\t\t\t<span class=\"elementor-button-icon\">\n\t\t\t\t<i aria-hidden=\"true\" class=\"fab fa-whatsapp\"><\/i>\t\t\t<\/span>\n\t\t\t\t\t\t\t\t\t<span class=\"elementor-button-text\">Fale com nossa equipe cient\u00edfica<\/span>\n\t\t\t\t\t<\/span>\n\t\t\t\t\t<\/a>\n\t\t\t\t<\/div>\n\t\t\t\t\t\t\t\t<\/div>\n\t\t\t\t<\/div>\n\t\t\t\t\t<\/div>\n\t\t<\/div>\n\t\t\t\t<div class=\"elementor-column elementor-col-33 elementor-inner-column elementor-element elementor-element-9466962\" data-id=\"9466962\" data-element_type=\"column\" data-e-type=\"column\">\n\t\t\t<div class=\"elementor-widget-wrap elementor-element-populated\">\n\t\t\t\t\t\t<div class=\"elementor-element elementor-element-2c96861 elementor-align-center elementor-widget elementor-widget-button\" data-id=\"2c96861\" data-element_type=\"widget\" data-e-type=\"widget\" data-widget_type=\"button.default\">\n\t\t\t\t<div class=\"elementor-widget-container\">\n\t\t\t\t\t\t\t\t\t<div class=\"elementor-button-wrapper\">\n\t\t\t\t\t<a class=\"elementor-button elementor-button-link elementor-size-sm\" href=\"https:\/\/wa.me\/5512981269820\">\n\t\t\t\t\t\t<span class=\"elementor-button-content-wrapper\">\n\t\t\t\t\t\t<span class=\"elementor-button-icon\">\n\t\t\t\t<i aria-hidden=\"true\" class=\"fab fa-whatsapp\"><\/i>\t\t\t<\/span>\n\t\t\t\t\t\t\t\t\t<span class=\"elementor-button-text\">Fale com nossa equipe de vendas<\/span>\n\t\t\t\t\t<\/span>\n\t\t\t\t\t<\/a>\n\t\t\t\t<\/div>\n\t\t\t\t\t\t\t\t<\/div>\n\t\t\t\t<\/div>\n\t\t\t\t\t<\/div>\n\t\t<\/div>\n\t\t\t\t<div class=\"elementor-column elementor-col-33 elementor-inner-column elementor-element elementor-element-7568679\" data-id=\"7568679\" data-element_type=\"column\" data-e-type=\"column\">\n\t\t\t<div class=\"elementor-widget-wrap elementor-element-populated\">\n\t\t\t\t\t\t<div class=\"elementor-element elementor-element-d2e75f1 elementor-align-center elementor-widget elementor-widget-button\" data-id=\"d2e75f1\" data-element_type=\"widget\" data-e-type=\"widget\" data-widget_type=\"button.default\">\n\t\t\t\t<div class=\"elementor-widget-container\">\n\t\t\t\t\t\t\t\t\t<div class=\"elementor-button-wrapper\">\n\t\t\t\t\t<a class=\"elementor-button elementor-button-link elementor-size-sm\" href=\"https:\/\/titaniumfix.com\/br\/contatos\/\">\n\t\t\t\t\t\t<span class=\"elementor-button-content-wrapper\">\n\t\t\t\t\t\t<span class=\"elementor-button-icon\">\n\t\t\t\t<i aria-hidden=\"true\" class=\"fas fa-link\"><\/i>\t\t\t<\/span>\n\t\t\t\t\t\t\t\t\t<span class=\"elementor-button-text\">Encontre um consultor mais pr\u00f3ximo<\/span>\n\t\t\t\t\t<\/span>\n\t\t\t\t\t<\/a>\n\t\t\t\t<\/div>\n\t\t\t\t\t\t\t\t<\/div>\n\t\t\t\t<\/div>\n\t\t\t\t\t<\/div>\n\t\t<\/div>\n\t\t\t\t\t<\/div>\n\t\t<\/section>\n\t\t\t\t\t<\/div>\n\t\t<\/div>\n\t\t\t\t\t<\/div>\n\t\t<\/section>\n\t\t\t\t<\/div>\n\t\t","protected":false},"excerpt":{"rendered":"<p>Biblioteca de v\u00eddeos Kit Stop Drill https:\/\/youtu.be\/yMli9nTXU7g Apresenta\u00e7\u00e3o do kit https:\/\/youtu.be\/lGQ_hKV3lCs Como substituir as placas de suporte Precisa de mais informa\u00e7\u00f5es? Fale com nossa equipe cient\u00edfica Fale com nossa equipe de vendas Encontre um consultor mais pr\u00f3ximo<\/p>\n","protected":false},"author":8,"featured_media":6797,"parent":0,"menu_order":0,"comment_status":"closed","ping_status":"closed","template":"","meta":{"footnotes":""},"class_list":["post-6751","page","type-page","status-publish","has-post-thumbnail","hentry"],"yoast_head":"<!-- This site is optimized with the Yoast SEO plugin v27.2 - https:\/\/yoast.com\/product\/yoast-seo-wordpress\/ -->\n<title>V\u00eddeos | Titaniumfix<\/title>\n<meta name=\"description\" content=\"Acesse nossa biblioteca de v\u00eddeos tutoriais sobre o uso e manuten\u00e7\u00e3o de produtos, kits e instrumentais.\" \/>\n<meta name=\"robots\" content=\"index, follow, max-snippet:-1, max-image-preview:large, max-video-preview:-1\" \/>\n<link rel=\"canonical\" href=\"https:\/\/titaniumfix.com\/br\/videos\/\" \/>\n<meta property=\"og:locale\" content=\"pt_BR\" \/>\n<meta property=\"og:type\" content=\"article\" \/>\n<meta property=\"og:title\" content=\"V\u00eddeos | Titaniumfix\" \/>\n<meta property=\"og:description\" content=\"Acesse nossa biblioteca de v\u00eddeos tutoriais sobre o uso e manuten\u00e7\u00e3o de produtos, kits e instrumentais.\" \/>\n<meta property=\"og:url\" content=\"https:\/\/titaniumfix.com\/br\/videos\/\" \/>\n<meta property=\"og:site_name\" content=\"Titaniumfix\" \/>\n<meta property=\"article:publisher\" content=\"https:\/\/www.facebook.com\/titaniumfixbr\" \/>\n<meta property=\"article:modified_time\" content=\"2026-02-13T15:21:37+00:00\" \/>\n<meta property=\"og:image\" content=\"https:\/\/titaniumfix.com\/br\/wp-content\/uploads\/2026\/02\/notebook-videos.webp\" \/>\n\t<meta property=\"og:image:width\" content=\"1613\" \/>\n\t<meta property=\"og:image:height\" content=\"1075\" \/>\n\t<meta property=\"og:image:type\" content=\"image\/webp\" \/>\n<meta name=\"twitter:card\" content=\"summary_large_image\" \/>\n<meta name=\"twitter:label1\" content=\"Est. tempo de leitura\" \/>\n\t<meta name=\"twitter:data1\" content=\"1 minuto\" \/>\n<script type=\"application\/ld+json\" class=\"yoast-schema-graph\">{\"@context\":\"https:\/\/schema.org\",\"@graph\":[{\"@type\":\"WebPage\",\"@id\":\"https:\/\/titaniumfix.com\/br\/videos\/\",\"url\":\"https:\/\/titaniumfix.com\/br\/videos\/\",\"name\":\"V\u00eddeos | Titaniumfix\",\"isPartOf\":{\"@id\":\"https:\/\/titaniumfix.com\/br\/#website\"},\"primaryImageOfPage\":{\"@id\":\"https:\/\/titaniumfix.com\/br\/videos\/#primaryimage\"},\"image\":{\"@id\":\"https:\/\/titaniumfix.com\/br\/videos\/#primaryimage\"},\"thumbnailUrl\":\"https:\/\/titaniumfix.com\/br\/wp-content\/uploads\/2026\/02\/notebook-videos.webp\",\"datePublished\":\"2026-02-05T18:19:08+00:00\",\"dateModified\":\"2026-02-13T15:21:37+00:00\",\"description\":\"Acesse nossa biblioteca de v\u00eddeos tutoriais sobre o uso e manuten\u00e7\u00e3o de produtos, kits e instrumentais.\",\"breadcrumb\":{\"@id\":\"https:\/\/titaniumfix.com\/br\/videos\/#breadcrumb\"},\"inLanguage\":\"pt-BR\",\"potentialAction\":[{\"@type\":\"ReadAction\",\"target\":[\"https:\/\/titaniumfix.com\/br\/videos\/\"]}]},{\"@type\":\"ImageObject\",\"inLanguage\":\"pt-BR\",\"@id\":\"https:\/\/titaniumfix.com\/br\/videos\/#primaryimage\",\"url\":\"https:\/\/titaniumfix.com\/br\/wp-content\/uploads\/2026\/02\/notebook-videos.webp\",\"contentUrl\":\"https:\/\/titaniumfix.com\/br\/wp-content\/uploads\/2026\/02\/notebook-videos.webp\",\"width\":1613,\"height\":1075,\"caption\":\"videos\"},{\"@type\":\"BreadcrumbList\",\"@id\":\"https:\/\/titaniumfix.com\/br\/videos\/#breadcrumb\",\"itemListElement\":[{\"@type\":\"ListItem\",\"position\":1,\"name\":\"In\u00edcio\",\"item\":\"https:\/\/titaniumfix.com\/br\/\"},{\"@type\":\"ListItem\",\"position\":2,\"name\":\"V\u00eddeos\"}]},{\"@type\":\"WebSite\",\"@id\":\"https:\/\/titaniumfix.com\/br\/#website\",\"url\":\"https:\/\/titaniumfix.com\/br\/\",\"name\":\"Titaniumfix\",\"description\":\"Implantes dent\u00e1rios e Componentes prot\u00e9ticos\",\"publisher\":{\"@id\":\"https:\/\/titaniumfix.com\/br\/#organization\"},\"alternateName\":\"TFIX\",\"potentialAction\":[{\"@type\":\"SearchAction\",\"target\":{\"@type\":\"EntryPoint\",\"urlTemplate\":\"https:\/\/titaniumfix.com\/br\/?s={search_term_string}\"},\"query-input\":{\"@type\":\"PropertyValueSpecification\",\"valueRequired\":true,\"valueName\":\"search_term_string\"}}],\"inLanguage\":\"pt-BR\"},{\"@type\":\"Organization\",\"@id\":\"https:\/\/titaniumfix.com\/br\/#organization\",\"name\":\"Titaniumfix\",\"alternateName\":\"Titaniumfix\",\"url\":\"https:\/\/titaniumfix.com\/br\/\",\"logo\":{\"@type\":\"ImageObject\",\"inLanguage\":\"pt-BR\",\"@id\":\"https:\/\/titaniumfix.com\/br\/#\/schema\/logo\/image\/\",\"url\":\"https:\/\/titaniumfix.com\/br\/wp-content\/uploads\/2022\/06\/logo-PNG.png\",\"contentUrl\":\"https:\/\/titaniumfix.com\/br\/wp-content\/uploads\/2022\/06\/logo-PNG.png\",\"width\":4164,\"height\":964,\"caption\":\"Titaniumfix\"},\"image\":{\"@id\":\"https:\/\/titaniumfix.com\/br\/#\/schema\/logo\/image\/\"},\"sameAs\":[\"https:\/\/www.facebook.com\/titaniumfixbr\",\"https:\/\/www.instagram.com\/titaniumfixbr\/\",\"https:\/\/www.youtube.com\/@titaniumfixbr\"]}]}<\/script>\n<!-- \/ Yoast SEO plugin. -->","yoast_head_json":{"title":"V\u00eddeos | Titaniumfix","description":"Acesse nossa biblioteca de v\u00eddeos tutoriais sobre o uso e manuten\u00e7\u00e3o de produtos, kits e instrumentais.","robots":{"index":"index","follow":"follow","max-snippet":"max-snippet:-1","max-image-preview":"max-image-preview:large","max-video-preview":"max-video-preview:-1"},"canonical":"https:\/\/titaniumfix.com\/br\/videos\/","og_locale":"pt_BR","og_type":"article","og_title":"V\u00eddeos | Titaniumfix","og_description":"Acesse nossa biblioteca de v\u00eddeos tutoriais sobre o uso e manuten\u00e7\u00e3o de produtos, kits e instrumentais.","og_url":"https:\/\/titaniumfix.com\/br\/videos\/","og_site_name":"Titaniumfix","article_publisher":"https:\/\/www.facebook.com\/titaniumfixbr","article_modified_time":"2026-02-13T15:21:37+00:00","og_image":[{"width":1613,"height":1075,"url":"https:\/\/titaniumfix.com\/br\/wp-content\/uploads\/2026\/02\/notebook-videos.webp","type":"image\/webp"}],"twitter_card":"summary_large_image","twitter_misc":{"Est. tempo de leitura":"1 minuto"},"schema":{"@context":"https:\/\/schema.org","@graph":[{"@type":"WebPage","@id":"https:\/\/titaniumfix.com\/br\/videos\/","url":"https:\/\/titaniumfix.com\/br\/videos\/","name":"V\u00eddeos | Titaniumfix","isPartOf":{"@id":"https:\/\/titaniumfix.com\/br\/#website"},"primaryImageOfPage":{"@id":"https:\/\/titaniumfix.com\/br\/videos\/#primaryimage"},"image":{"@id":"https:\/\/titaniumfix.com\/br\/videos\/#primaryimage"},"thumbnailUrl":"https:\/\/titaniumfix.com\/br\/wp-content\/uploads\/2026\/02\/notebook-videos.webp","datePublished":"2026-02-05T18:19:08+00:00","dateModified":"2026-02-13T15:21:37+00:00","description":"Acesse nossa biblioteca de v\u00eddeos tutoriais sobre o uso e manuten\u00e7\u00e3o de produtos, kits e instrumentais.","breadcrumb":{"@id":"https:\/\/titaniumfix.com\/br\/videos\/#breadcrumb"},"inLanguage":"pt-BR","potentialAction":[{"@type":"ReadAction","target":["https:\/\/titaniumfix.com\/br\/videos\/"]}]},{"@type":"ImageObject","inLanguage":"pt-BR","@id":"https:\/\/titaniumfix.com\/br\/videos\/#primaryimage","url":"https:\/\/titaniumfix.com\/br\/wp-content\/uploads\/2026\/02\/notebook-videos.webp","contentUrl":"https:\/\/titaniumfix.com\/br\/wp-content\/uploads\/2026\/02\/notebook-videos.webp","width":1613,"height":1075,"caption":"videos"},{"@type":"BreadcrumbList","@id":"https:\/\/titaniumfix.com\/br\/videos\/#breadcrumb","itemListElement":[{"@type":"ListItem","position":1,"name":"In\u00edcio","item":"https:\/\/titaniumfix.com\/br\/"},{"@type":"ListItem","position":2,"name":"V\u00eddeos"}]},{"@type":"WebSite","@id":"https:\/\/titaniumfix.com\/br\/#website","url":"https:\/\/titaniumfix.com\/br\/","name":"Titaniumfix","description":"Implantes dent\u00e1rios e Componentes prot\u00e9ticos","publisher":{"@id":"https:\/\/titaniumfix.com\/br\/#organization"},"alternateName":"TFIX","potentialAction":[{"@type":"SearchAction","target":{"@type":"EntryPoint","urlTemplate":"https:\/\/titaniumfix.com\/br\/?s={search_term_string}"},"query-input":{"@type":"PropertyValueSpecification","valueRequired":true,"valueName":"search_term_string"}}],"inLanguage":"pt-BR"},{"@type":"Organization","@id":"https:\/\/titaniumfix.com\/br\/#organization","name":"Titaniumfix","alternateName":"Titaniumfix","url":"https:\/\/titaniumfix.com\/br\/","logo":{"@type":"ImageObject","inLanguage":"pt-BR","@id":"https:\/\/titaniumfix.com\/br\/#\/schema\/logo\/image\/","url":"https:\/\/titaniumfix.com\/br\/wp-content\/uploads\/2022\/06\/logo-PNG.png","contentUrl":"https:\/\/titaniumfix.com\/br\/wp-content\/uploads\/2022\/06\/logo-PNG.png","width":4164,"height":964,"caption":"Titaniumfix"},"image":{"@id":"https:\/\/titaniumfix.com\/br\/#\/schema\/logo\/image\/"},"sameAs":["https:\/\/www.facebook.com\/titaniumfixbr","https:\/\/www.instagram.com\/titaniumfixbr\/","https:\/\/www.youtube.com\/@titaniumfixbr"]}]}},"meta_box":[],"_links":{"self":[{"href":"https:\/\/titaniumfix.com\/br\/wp-json\/wp\/v2\/pages\/6751","targetHints":{"allow":["GET"]}}],"collection":[{"href":"https:\/\/titaniumfix.com\/br\/wp-json\/wp\/v2\/pages"}],"about":[{"href":"https:\/\/titaniumfix.com\/br\/wp-json\/wp\/v2\/types\/page"}],"author":[{"embeddable":true,"href":"https:\/\/titaniumfix.com\/br\/wp-json\/wp\/v2\/users\/8"}],"replies":[{"embeddable":true,"href":"https:\/\/titaniumfix.com\/br\/wp-json\/wp\/v2\/comments?post=6751"}],"version-history":[{"count":29,"href":"https:\/\/titaniumfix.com\/br\/wp-json\/wp\/v2\/pages\/6751\/revisions"}],"predecessor-version":[{"id":6804,"href":"https:\/\/titaniumfix.com\/br\/wp-json\/wp\/v2\/pages\/6751\/revisions\/6804"}],"wp:featuredmedia":[{"embeddable":true,"href":"https:\/\/titaniumfix.com\/br\/wp-json\/wp\/v2\/media\/6797"}],"wp:attachment":[{"href":"https:\/\/titaniumfix.com\/br\/wp-json\/wp\/v2\/media?parent=6751"}],"curies":[{"name":"wp","href":"https:\/\/api.w.org\/{rel}","templated":true}]}}