{"id":3898,"date":"2023-07-03T11:43:54","date_gmt":"2023-07-03T14:43:54","guid":{"rendered":"https:\/\/www.titaniumfix.com.br\/?page_id=3898"},"modified":"2024-07-09T14:50:58","modified_gmt":"2024-07-09T17:50:58","slug":"pesquisas","status":"publish","type":"page","link":"https:\/\/titaniumfix.com\/br\/cientifico\/pesquisas\/","title":{"rendered":"Incentivo \u00e0 pesquisas"},"content":{"rendered":"\t\t<div data-elementor-type=\"wp-page\" data-elementor-id=\"3898\" class=\"elementor elementor-3898\" data-elementor-post-type=\"page\">\n\t\t\t\t\t\t<section class=\"elementor-section elementor-top-section elementor-element elementor-element-3b32f40 elementor-section-height-min-height css-header elementor-section-boxed elementor-section-height-default elementor-section-items-middle\" data-id=\"3b32f40\" data-element_type=\"section\" data-e-type=\"section\" data-settings=\"{&quot;background_background&quot;:&quot;classic&quot;}\">\n\t\t\t\t\t\t\t<div class=\"elementor-background-overlay\"><\/div>\n\t\t\t\t\t\t\t<div class=\"elementor-container elementor-column-gap-default\">\n\t\t\t\t\t<div class=\"elementor-column elementor-col-100 elementor-top-column elementor-element elementor-element-69cfccc\" data-id=\"69cfccc\" data-element_type=\"column\" data-e-type=\"column\">\n\t\t\t<div class=\"elementor-widget-wrap elementor-element-populated\">\n\t\t\t\t\t\t<div class=\"elementor-element elementor-element-346ecac elementor-widget elementor-widget-heading\" data-id=\"346ecac\" data-element_type=\"widget\" data-e-type=\"widget\" data-widget_type=\"heading.default\">\n\t\t\t\t<div class=\"elementor-widget-container\">\n\t\t\t\t\t<h1 class=\"elementor-heading-title elementor-size-default\">Cient\u00edfico<\/h1>\t\t\t\t<\/div>\n\t\t\t\t<\/div>\n\t\t\t\t\t<\/div>\n\t\t<\/div>\n\t\t\t\t\t<\/div>\n\t\t<\/section>\n\t\t\t\t<section class=\"elementor-section elementor-top-section elementor-element elementor-element-f93db78 elementor-section-boxed elementor-section-height-default elementor-section-height-default\" data-id=\"f93db78\" data-element_type=\"section\" data-e-type=\"section\">\n\t\t\t\t\t\t<div class=\"elementor-container elementor-column-gap-default\">\n\t\t\t\t\t<div class=\"elementor-column elementor-col-100 elementor-top-column elementor-element elementor-element-b409a65\" data-id=\"b409a65\" data-element_type=\"column\" data-e-type=\"column\">\n\t\t\t<div class=\"elementor-widget-wrap elementor-element-populated\">\n\t\t\t\t\t\t<div class=\"elementor-element elementor-element-18af5c6 elementor-widget elementor-widget-shortcode\" data-id=\"18af5c6\" data-element_type=\"widget\" data-e-type=\"widget\" data-widget_type=\"shortcode.default\">\n\t\t\t\t<div class=\"elementor-widget-container\">\n\t\t\t\t\t\t\t<div class=\"elementor-shortcode\"><span><span><a href=\"https:\/\/titaniumfix.com\/br\/\">In\u00edcio<\/a><\/span><\/span>\n<\/div>\n\t\t\t\t\t\t<\/div>\n\t\t\t\t<\/div>\n\t\t\t\t<div class=\"elementor-element elementor-element-1c38b90 elementor-widget elementor-widget-heading\" data-id=\"1c38b90\" data-element_type=\"widget\" data-e-type=\"widget\" data-widget_type=\"heading.default\">\n\t\t\t\t<div class=\"elementor-widget-container\">\n\t\t\t\t\t<h2 class=\"elementor-heading-title elementor-size-default\">Programa Titaniumfix de Incentivo \u00e0 Pesquisa<\/h2>\t\t\t\t<\/div>\n\t\t\t\t<\/div>\n\t\t\t\t<div class=\"elementor-element elementor-element-5910cdd elementor-widget elementor-widget-text-editor\" data-id=\"5910cdd\" data-element_type=\"widget\" data-e-type=\"widget\" data-widget_type=\"text-editor.default\">\n\t\t\t\t<div class=\"elementor-widget-container\">\n\t\t\t\t\t\t\t\t\t<p>A\u00a0Titaniumfix\u00a0al\u00e9m de se preocupar com a qualidade e aprimoramento de seus produtos, busca a atualiza\u00e7\u00e3o e inova\u00e7\u00f5es de m\u00e9todos e t\u00e9cnicas, tendo em vista as tend\u00eancias mais atuais da implantodontia.<\/p><p>Diante disso criou o\u00a0<strong>Programa Titaniumfix de Incentivo \u00e0 Pesquisa<\/strong>, que visa dar suporte \u00e0 estudantes\/pesquisadores independente da institui\u00e7\u00e3o de ensino ou pa\u00eds, auxiliando-os com a disponibiliza\u00e7\u00e3o de produtos produzidos pela empresa para realiza\u00e7\u00e3o de suas pesquisas.<\/p><p>O programa visa tamb\u00e9m divulgar os resultados dessas pesquisas por meio da cria\u00e7\u00e3o de um acervo cient\u00edfico dispon\u00edvel no site da empresa.\u00a0<\/p><p><strong>NORMAS GERAIS<\/strong><\/p><p>Para integrar o\u00a0<strong>Programa Titaniumfix de Incentivo \u00e0 Pesquisa<\/strong>, o pesquisador deve encaminhar o projeto de pesquisa ao e-mail <strong><a href=\"mailto:cientifico@titaniumfix.com.br\">cientifico@titaniumfix.com.br<\/a><\/strong>\u00a0para ser avaliado pela Comiss\u00e3o Cient\u00edfica da empresa.<\/p><p>O projeto de pesquisa deve ser redigido da seguinte maneira:<\/p><ul><li>Capa em papel timbrado da institui\u00e7\u00e3o de ensino com o t\u00edtulo da pesquisa, nome do pesquisador, nome do orientador, finalidade do trabalho (mestrado, doutorado, etc), cidade e ano.<\/li><li>Deve conter resumo, introdu\u00e7\u00e3o\/revis\u00e3o de literatura, justificativa, objetivo(s), materiais e m\u00e9todo, refer\u00eancias bibliogr\u00e1ficas, cronograma, listagem completa do material da empresa requerido para a pesquisa, endere\u00e7o do pesquisador incluindo e-mail e telefone.<\/li><li>Deve apresentar c\u00f3pia do parecer de aprova\u00e7\u00e3o do <strong>Comit\u00ea de \u00c9tica em Pesquisa (CEP\/CEUA)<\/strong> e tamb\u00e9m do <strong>Termo de Consentimento Livre e Esclarecido<\/strong> destinado a pacientes, este \u00faltimo em caso de pesquisa envolvendo seres humanos.<\/li><\/ul><div>\u00a0<\/div><p>Uma vez aprovado, o pesquisador receber\u00e1 os\u00a0<strong>Termos de Aprova\u00e7\u00e3o e Compromisso<\/strong>, onde constar\u00e1 todo o material doado para a pesquisa. A libera\u00e7\u00e3o do material s\u00f3 ser\u00e1 efetuada mediante a apresenta\u00e7\u00e3o do Termo de Compromisso assinado pelo pesquisador e orientador. O material doado dever\u00e1 ser de uso restrito \u00e0 pesquisa a que foi destinado.<\/p><p>Durante o decorrer da pesquisa, relat\u00f3rios parciais sobre o andamento do trabalho dever\u00e3o ser apresentados \u00e0\u00a0Titaniumfix\u00a0periodicamente, a cada 6 meses ap\u00f3s a data de aprova\u00e7\u00e3o do projeto.<\/p><p>Finalizado o trabalho, o pesquisador dever\u00e1 apresentar um relat\u00f3rio final com resumo em ingl\u00eas. Posteriormente, apresentar os resultados finais da pesquisa em forma de artigo publicado em peri\u00f3dico indexado. Caso n\u00e3o seja poss\u00edvel publica\u00e7\u00e3o, deve ser apresentada uma monografia completa do trabalho. Este artigo ou monografia ficar\u00e1 dispon\u00edvel no acervo cientifico da empresa para consulta por outros profissionais.<\/p><p>O interessado deve examinar cuidadosamente as normas gerais e estar ciente de que dever\u00e1 devolver \u00e0\u00a0Titaniumfix, em valores atualizados, a doa\u00e7\u00e3o recebida, caso os requisitos e compromissos acima n\u00e3o sejam cumpridos.<\/p><p>Agradecemos a confian\u00e7a depositada em nossos produtos e ficamos honrados em colaborar com o crescimento da implantodontia!<\/p>\t\t\t\t\t\t\t\t<\/div>\n\t\t\t\t<\/div>\n\t\t\t\t\t<\/div>\n\t\t<\/div>\n\t\t\t\t\t<\/div>\n\t\t<\/section>\n\t\t\t\t<section class=\"elementor-section elementor-top-section elementor-element elementor-element-9636cd4 elementor-section-boxed elementor-section-height-default elementor-section-height-default\" data-id=\"9636cd4\" data-element_type=\"section\" data-e-type=\"section\">\n\t\t\t\t\t\t<div class=\"elementor-container elementor-column-gap-default\">\n\t\t\t\t\t<div class=\"elementor-column elementor-col-100 elementor-top-column elementor-element elementor-element-e5c3c9a\" data-id=\"e5c3c9a\" data-element_type=\"column\" data-e-type=\"column\">\n\t\t\t<div class=\"elementor-widget-wrap elementor-element-populated\">\n\t\t\t\t\t\t<section class=\"elementor-section elementor-inner-section elementor-element elementor-element-e00a5f9 elementor-section-boxed elementor-section-height-default elementor-section-height-default\" data-id=\"e00a5f9\" data-element_type=\"section\" data-e-type=\"section\">\n\t\t\t\t\t\t<div class=\"elementor-container elementor-column-gap-default\">\n\t\t\t\t\t<div class=\"elementor-column elementor-col-33 elementor-inner-column elementor-element elementor-element-74c659a\" data-id=\"74c659a\" data-element_type=\"column\" data-e-type=\"column\">\n\t\t\t<div class=\"elementor-widget-wrap elementor-element-populated\">\n\t\t\t\t\t\t<div class=\"elementor-element elementor-element-50540b8 elementor-view-default elementor-widget elementor-widget-icon\" data-id=\"50540b8\" data-element_type=\"widget\" data-e-type=\"widget\" data-widget_type=\"icon.default\">\n\t\t\t\t<div class=\"elementor-widget-container\">\n\t\t\t\t\t\t\t<div class=\"elementor-icon-wrapper\">\n\t\t\t<div class=\"elementor-icon\">\n\t\t\t<i aria-hidden=\"true\" class=\"fas fa-file-pdf\"><\/i>\t\t\t<\/div>\n\t\t<\/div>\n\t\t\t\t\t\t<\/div>\n\t\t\t\t<\/div>\n\t\t\t\t\t<\/div>\n\t\t<\/div>\n\t\t\t\t<div class=\"elementor-column elementor-col-33 elementor-inner-column elementor-element elementor-element-ceb84fd\" data-id=\"ceb84fd\" data-element_type=\"column\" data-e-type=\"column\">\n\t\t\t<div class=\"elementor-widget-wrap elementor-element-populated\">\n\t\t\t\t\t\t<div class=\"elementor-element elementor-element-c26dccb elementor-widget elementor-widget-text-editor\" data-id=\"c26dccb\" data-element_type=\"widget\" data-e-type=\"widget\" data-widget_type=\"text-editor.default\">\n\t\t\t\t<div class=\"elementor-widget-container\">\n\t\t\t\t\t\t\t\t\t<p>Normas para elabora\u00e7\u00e3o de projetos de pesquisa<\/p>\t\t\t\t\t\t\t\t<\/div>\n\t\t\t\t<\/div>\n\t\t\t\t\t<\/div>\n\t\t<\/div>\n\t\t\t\t<div class=\"elementor-column elementor-col-33 elementor-inner-column elementor-element elementor-element-bafeb96\" data-id=\"bafeb96\" data-element_type=\"column\" data-e-type=\"column\">\n\t\t\t<div class=\"elementor-widget-wrap elementor-element-populated\">\n\t\t\t\t\t\t<div class=\"elementor-element elementor-element-83eb09f elementor-align-center elementor-widget elementor-widget-button\" data-id=\"83eb09f\" data-element_type=\"widget\" data-e-type=\"widget\" data-widget_type=\"button.default\">\n\t\t\t\t<div class=\"elementor-widget-container\">\n\t\t\t\t\t\t\t\t\t<div class=\"elementor-button-wrapper\">\n\t\t\t\t\t<a class=\"elementor-button elementor-button-link elementor-size-sm\" href=\"https:\/\/titaniumfix.com\/downloads\/cientifico\/normas-pesquisa.pdf\" target=\"_blank\">\n\t\t\t\t\t\t<span class=\"elementor-button-content-wrapper\">\n\t\t\t\t\t\t<span class=\"elementor-button-icon\">\n\t\t\t\t<i aria-hidden=\"true\" class=\"fas fa-cloud-download-alt\"><\/i>\t\t\t<\/span>\n\t\t\t\t\t\t\t\t\t<span class=\"elementor-button-text\">Download<\/span>\n\t\t\t\t\t<\/span>\n\t\t\t\t\t<\/a>\n\t\t\t\t<\/div>\n\t\t\t\t\t\t\t\t<\/div>\n\t\t\t\t<\/div>\n\t\t\t\t\t<\/div>\n\t\t<\/div>\n\t\t\t\t\t<\/div>\n\t\t<\/section>\n\t\t\t\t<div class=\"elementor-element elementor-element-87b00cf elementor-widget elementor-widget-spacer\" data-id=\"87b00cf\" data-element_type=\"widget\" data-e-type=\"widget\" data-widget_type=\"spacer.default\">\n\t\t\t\t<div class=\"elementor-widget-container\">\n\t\t\t\t\t\t\t<div class=\"elementor-spacer\">\n\t\t\t<div class=\"elementor-spacer-inner\"><\/div>\n\t\t<\/div>\n\t\t\t\t\t\t<\/div>\n\t\t\t\t<\/div>\n\t\t\t\t<section class=\"elementor-section elementor-inner-section elementor-element elementor-element-fdc440a elementor-section-boxed elementor-section-height-default elementor-section-height-default\" data-id=\"fdc440a\" data-element_type=\"section\" data-e-type=\"section\">\n\t\t\t\t\t\t<div class=\"elementor-container elementor-column-gap-default\">\n\t\t\t\t\t<div class=\"elementor-column elementor-col-100 elementor-inner-column elementor-element elementor-element-320381d\" data-id=\"320381d\" data-element_type=\"column\" data-e-type=\"column\">\n\t\t\t<div class=\"elementor-widget-wrap elementor-element-populated\">\n\t\t\t\t\t\t<div class=\"elementor-element elementor-element-0fe7db1 elementor-widget elementor-widget-text-editor\" data-id=\"0fe7db1\" data-element_type=\"widget\" data-e-type=\"widget\" data-widget_type=\"text-editor.default\">\n\t\t\t\t<div class=\"elementor-widget-container\">\n\t\t\t\t\t\t\t\t\t<p><strong>Precisa de mais informa\u00e7\u00f5es?<\/strong><\/p>\t\t\t\t\t\t\t\t<\/div>\n\t\t\t\t<\/div>\n\t\t\t\t<div class=\"elementor-element elementor-element-d3948c0 elementor-align-center elementor-widget elementor-widget-button\" data-id=\"d3948c0\" data-element_type=\"widget\" data-e-type=\"widget\" data-widget_type=\"button.default\">\n\t\t\t\t<div class=\"elementor-widget-container\">\n\t\t\t\t\t\t\t\t\t<div class=\"elementor-button-wrapper\">\n\t\t\t\t\t<a class=\"elementor-button elementor-button-link elementor-size-sm\" href=\"https:\/\/wa.me\/5512981133326\">\n\t\t\t\t\t\t<span class=\"elementor-button-content-wrapper\">\n\t\t\t\t\t\t<span class=\"elementor-button-icon\">\n\t\t\t\t<i aria-hidden=\"true\" class=\"fab fa-whatsapp\"><\/i>\t\t\t<\/span>\n\t\t\t\t\t\t\t\t\t<span class=\"elementor-button-text\">Fale com nossa equipe cient\u00edfica<\/span>\n\t\t\t\t\t<\/span>\n\t\t\t\t\t<\/a>\n\t\t\t\t<\/div>\n\t\t\t\t\t\t\t\t<\/div>\n\t\t\t\t<\/div>\n\t\t\t\t\t<\/div>\n\t\t<\/div>\n\t\t\t\t\t<\/div>\n\t\t<\/section>\n\t\t\t\t\t<\/div>\n\t\t<\/div>\n\t\t\t\t\t<\/div>\n\t\t<\/section>\n\t\t\t\t<\/div>\n\t\t","protected":false},"excerpt":{"rendered":"<p>Cient\u00edfico Programa Titaniumfix de Incentivo \u00e0 Pesquisa A\u00a0Titaniumfix\u00a0al\u00e9m de se preocupar com a qualidade e aprimoramento de seus produtos, busca a atualiza\u00e7\u00e3o e inova\u00e7\u00f5es de m\u00e9todos e t\u00e9cnicas, tendo em vista as tend\u00eancias mais atuais da implantodontia. Diante disso criou o\u00a0Programa Titaniumfix de Incentivo \u00e0 Pesquisa, que visa dar suporte \u00e0 estudantes\/pesquisadores independente da institui\u00e7\u00e3o [&hellip;]<\/p>\n","protected":false},"author":8,"featured_media":3951,"parent":4130,"menu_order":2,"comment_status":"closed","ping_status":"closed","template":"","meta":{"footnotes":""},"class_list":["post-3898","page","type-page","status-publish","has-post-thumbnail","hentry"],"yoast_head":"<!-- This site is optimized with the Yoast SEO plugin v27.2 - https:\/\/yoast.com\/product\/yoast-seo-wordpress\/ -->\n<title>Incentivo \u00e0 pesquisas | Titaniumfix<\/title>\n<meta name=\"robots\" content=\"index, follow, max-snippet:-1, max-image-preview:large, max-video-preview:-1\" \/>\n<link rel=\"canonical\" href=\"https:\/\/titaniumfix.com\/br\/cientifico\/pesquisas\/\" \/>\n<meta property=\"og:locale\" content=\"pt_BR\" \/>\n<meta property=\"og:type\" content=\"article\" \/>\n<meta property=\"og:title\" content=\"Incentivo \u00e0 pesquisas | Titaniumfix\" \/>\n<meta property=\"og:description\" content=\"Cient\u00edfico Programa Titaniumfix de Incentivo \u00e0 Pesquisa A\u00a0Titaniumfix\u00a0al\u00e9m de se preocupar com a qualidade e aprimoramento de seus produtos, busca a atualiza\u00e7\u00e3o e inova\u00e7\u00f5es de m\u00e9todos e t\u00e9cnicas, tendo em vista as tend\u00eancias mais atuais da implantodontia. Diante disso criou o\u00a0Programa Titaniumfix de Incentivo \u00e0 Pesquisa, que visa dar suporte \u00e0 estudantes\/pesquisadores independente da institui\u00e7\u00e3o [&hellip;]\" \/>\n<meta property=\"og:url\" content=\"https:\/\/titaniumfix.com\/br\/cientifico\/pesquisas\/\" \/>\n<meta property=\"og:site_name\" content=\"Titaniumfix\" \/>\n<meta property=\"article:publisher\" content=\"https:\/\/www.facebook.com\/titaniumfixbr\" \/>\n<meta property=\"article:modified_time\" content=\"2024-07-09T17:50:58+00:00\" \/>\n<meta property=\"og:image\" content=\"https:\/\/titaniumfix.com\/br\/wp-content\/uploads\/2023\/07\/banner-cientifico.jpg\" \/>\n\t<meta property=\"og:image:width\" content=\"1613\" \/>\n\t<meta property=\"og:image:height\" content=\"1075\" \/>\n\t<meta property=\"og:image:type\" content=\"image\/jpeg\" \/>\n<meta name=\"twitter:card\" content=\"summary_large_image\" \/>\n<meta name=\"twitter:label1\" content=\"Est. tempo de leitura\" \/>\n\t<meta name=\"twitter:data1\" content=\"3 minutos\" \/>\n<script type=\"application\/ld+json\" class=\"yoast-schema-graph\">{\"@context\":\"https:\/\/schema.org\",\"@graph\":[{\"@type\":\"WebPage\",\"@id\":\"https:\/\/titaniumfix.com\/br\/cientifico\/pesquisas\/\",\"url\":\"https:\/\/titaniumfix.com\/br\/cientifico\/pesquisas\/\",\"name\":\"Incentivo \u00e0 pesquisas | Titaniumfix\",\"isPartOf\":{\"@id\":\"https:\/\/titaniumfix.com\/br\/#website\"},\"primaryImageOfPage\":{\"@id\":\"https:\/\/titaniumfix.com\/br\/cientifico\/pesquisas\/#primaryimage\"},\"image\":{\"@id\":\"https:\/\/titaniumfix.com\/br\/cientifico\/pesquisas\/#primaryimage\"},\"thumbnailUrl\":\"https:\/\/titaniumfix.com\/br\/wp-content\/uploads\/2023\/07\/banner-cientifico.jpg\",\"datePublished\":\"2023-07-03T14:43:54+00:00\",\"dateModified\":\"2024-07-09T17:50:58+00:00\",\"breadcrumb\":{\"@id\":\"https:\/\/titaniumfix.com\/br\/cientifico\/pesquisas\/#breadcrumb\"},\"inLanguage\":\"pt-BR\",\"potentialAction\":[{\"@type\":\"ReadAction\",\"target\":[\"https:\/\/titaniumfix.com\/br\/cientifico\/pesquisas\/\"]}]},{\"@type\":\"ImageObject\",\"inLanguage\":\"pt-BR\",\"@id\":\"https:\/\/titaniumfix.com\/br\/cientifico\/pesquisas\/#primaryimage\",\"url\":\"https:\/\/titaniumfix.com\/br\/wp-content\/uploads\/2023\/07\/banner-cientifico.jpg\",\"contentUrl\":\"https:\/\/titaniumfix.com\/br\/wp-content\/uploads\/2023\/07\/banner-cientifico.jpg\",\"width\":1613,\"height\":1075,\"caption\":\"Young woman in lab coat looking through the microscope while sitting at her workplace, she examining sample working in the hospital lab\"},{\"@type\":\"BreadcrumbList\",\"@id\":\"https:\/\/titaniumfix.com\/br\/cientifico\/pesquisas\/#breadcrumb\",\"itemListElement\":[{\"@type\":\"ListItem\",\"position\":1,\"name\":\"In\u00edcio\",\"item\":\"https:\/\/titaniumfix.com\/br\/\"},{\"@type\":\"ListItem\",\"position\":2,\"name\":\"Cient\u00edfico\",\"item\":\"https:\/\/titaniumfix.com\/br\/cientifico\/\"},{\"@type\":\"ListItem\",\"position\":3,\"name\":\"Incentivo \u00e0 pesquisas\"}]},{\"@type\":\"WebSite\",\"@id\":\"https:\/\/titaniumfix.com\/br\/#website\",\"url\":\"https:\/\/titaniumfix.com\/br\/\",\"name\":\"Titaniumfix\",\"description\":\"Implantes dent\u00e1rios e Componentes prot\u00e9ticos\",\"publisher\":{\"@id\":\"https:\/\/titaniumfix.com\/br\/#organization\"},\"alternateName\":\"TFIX\",\"potentialAction\":[{\"@type\":\"SearchAction\",\"target\":{\"@type\":\"EntryPoint\",\"urlTemplate\":\"https:\/\/titaniumfix.com\/br\/?s={search_term_string}\"},\"query-input\":{\"@type\":\"PropertyValueSpecification\",\"valueRequired\":true,\"valueName\":\"search_term_string\"}}],\"inLanguage\":\"pt-BR\"},{\"@type\":\"Organization\",\"@id\":\"https:\/\/titaniumfix.com\/br\/#organization\",\"name\":\"Titaniumfix\",\"alternateName\":\"Titaniumfix\",\"url\":\"https:\/\/titaniumfix.com\/br\/\",\"logo\":{\"@type\":\"ImageObject\",\"inLanguage\":\"pt-BR\",\"@id\":\"https:\/\/titaniumfix.com\/br\/#\/schema\/logo\/image\/\",\"url\":\"https:\/\/titaniumfix.com\/br\/wp-content\/uploads\/2022\/06\/logo-PNG.png\",\"contentUrl\":\"https:\/\/titaniumfix.com\/br\/wp-content\/uploads\/2022\/06\/logo-PNG.png\",\"width\":4164,\"height\":964,\"caption\":\"Titaniumfix\"},\"image\":{\"@id\":\"https:\/\/titaniumfix.com\/br\/#\/schema\/logo\/image\/\"},\"sameAs\":[\"https:\/\/www.facebook.com\/titaniumfixbr\",\"https:\/\/www.instagram.com\/titaniumfixbr\/\",\"https:\/\/www.youtube.com\/@titaniumfixbr\"]}]}<\/script>\n<!-- \/ Yoast SEO plugin. -->","yoast_head_json":{"title":"Incentivo \u00e0 pesquisas | Titaniumfix","robots":{"index":"index","follow":"follow","max-snippet":"max-snippet:-1","max-image-preview":"max-image-preview:large","max-video-preview":"max-video-preview:-1"},"canonical":"https:\/\/titaniumfix.com\/br\/cientifico\/pesquisas\/","og_locale":"pt_BR","og_type":"article","og_title":"Incentivo \u00e0 pesquisas | Titaniumfix","og_description":"Cient\u00edfico Programa Titaniumfix de Incentivo \u00e0 Pesquisa A\u00a0Titaniumfix\u00a0al\u00e9m de se preocupar com a qualidade e aprimoramento de seus produtos, busca a atualiza\u00e7\u00e3o e inova\u00e7\u00f5es de m\u00e9todos e t\u00e9cnicas, tendo em vista as tend\u00eancias mais atuais da implantodontia. Diante disso criou o\u00a0Programa Titaniumfix de Incentivo \u00e0 Pesquisa, que visa dar suporte \u00e0 estudantes\/pesquisadores independente da institui\u00e7\u00e3o [&hellip;]","og_url":"https:\/\/titaniumfix.com\/br\/cientifico\/pesquisas\/","og_site_name":"Titaniumfix","article_publisher":"https:\/\/www.facebook.com\/titaniumfixbr","article_modified_time":"2024-07-09T17:50:58+00:00","og_image":[{"width":1613,"height":1075,"url":"https:\/\/titaniumfix.com\/br\/wp-content\/uploads\/2023\/07\/banner-cientifico.jpg","type":"image\/jpeg"}],"twitter_card":"summary_large_image","twitter_misc":{"Est. tempo de leitura":"3 minutos"},"schema":{"@context":"https:\/\/schema.org","@graph":[{"@type":"WebPage","@id":"https:\/\/titaniumfix.com\/br\/cientifico\/pesquisas\/","url":"https:\/\/titaniumfix.com\/br\/cientifico\/pesquisas\/","name":"Incentivo \u00e0 pesquisas | Titaniumfix","isPartOf":{"@id":"https:\/\/titaniumfix.com\/br\/#website"},"primaryImageOfPage":{"@id":"https:\/\/titaniumfix.com\/br\/cientifico\/pesquisas\/#primaryimage"},"image":{"@id":"https:\/\/titaniumfix.com\/br\/cientifico\/pesquisas\/#primaryimage"},"thumbnailUrl":"https:\/\/titaniumfix.com\/br\/wp-content\/uploads\/2023\/07\/banner-cientifico.jpg","datePublished":"2023-07-03T14:43:54+00:00","dateModified":"2024-07-09T17:50:58+00:00","breadcrumb":{"@id":"https:\/\/titaniumfix.com\/br\/cientifico\/pesquisas\/#breadcrumb"},"inLanguage":"pt-BR","potentialAction":[{"@type":"ReadAction","target":["https:\/\/titaniumfix.com\/br\/cientifico\/pesquisas\/"]}]},{"@type":"ImageObject","inLanguage":"pt-BR","@id":"https:\/\/titaniumfix.com\/br\/cientifico\/pesquisas\/#primaryimage","url":"https:\/\/titaniumfix.com\/br\/wp-content\/uploads\/2023\/07\/banner-cientifico.jpg","contentUrl":"https:\/\/titaniumfix.com\/br\/wp-content\/uploads\/2023\/07\/banner-cientifico.jpg","width":1613,"height":1075,"caption":"Young woman in lab coat looking through the microscope while sitting at her workplace, she examining sample working in the hospital lab"},{"@type":"BreadcrumbList","@id":"https:\/\/titaniumfix.com\/br\/cientifico\/pesquisas\/#breadcrumb","itemListElement":[{"@type":"ListItem","position":1,"name":"In\u00edcio","item":"https:\/\/titaniumfix.com\/br\/"},{"@type":"ListItem","position":2,"name":"Cient\u00edfico","item":"https:\/\/titaniumfix.com\/br\/cientifico\/"},{"@type":"ListItem","position":3,"name":"Incentivo \u00e0 pesquisas"}]},{"@type":"WebSite","@id":"https:\/\/titaniumfix.com\/br\/#website","url":"https:\/\/titaniumfix.com\/br\/","name":"Titaniumfix","description":"Implantes dent\u00e1rios e Componentes prot\u00e9ticos","publisher":{"@id":"https:\/\/titaniumfix.com\/br\/#organization"},"alternateName":"TFIX","potentialAction":[{"@type":"SearchAction","target":{"@type":"EntryPoint","urlTemplate":"https:\/\/titaniumfix.com\/br\/?s={search_term_string}"},"query-input":{"@type":"PropertyValueSpecification","valueRequired":true,"valueName":"search_term_string"}}],"inLanguage":"pt-BR"},{"@type":"Organization","@id":"https:\/\/titaniumfix.com\/br\/#organization","name":"Titaniumfix","alternateName":"Titaniumfix","url":"https:\/\/titaniumfix.com\/br\/","logo":{"@type":"ImageObject","inLanguage":"pt-BR","@id":"https:\/\/titaniumfix.com\/br\/#\/schema\/logo\/image\/","url":"https:\/\/titaniumfix.com\/br\/wp-content\/uploads\/2022\/06\/logo-PNG.png","contentUrl":"https:\/\/titaniumfix.com\/br\/wp-content\/uploads\/2022\/06\/logo-PNG.png","width":4164,"height":964,"caption":"Titaniumfix"},"image":{"@id":"https:\/\/titaniumfix.com\/br\/#\/schema\/logo\/image\/"},"sameAs":["https:\/\/www.facebook.com\/titaniumfixbr","https:\/\/www.instagram.com\/titaniumfixbr\/","https:\/\/www.youtube.com\/@titaniumfixbr"]}]}},"meta_box":[],"_links":{"self":[{"href":"https:\/\/titaniumfix.com\/br\/wp-json\/wp\/v2\/pages\/3898","targetHints":{"allow":["GET"]}}],"collection":[{"href":"https:\/\/titaniumfix.com\/br\/wp-json\/wp\/v2\/pages"}],"about":[{"href":"https:\/\/titaniumfix.com\/br\/wp-json\/wp\/v2\/types\/page"}],"author":[{"embeddable":true,"href":"https:\/\/titaniumfix.com\/br\/wp-json\/wp\/v2\/users\/8"}],"replies":[{"embeddable":true,"href":"https:\/\/titaniumfix.com\/br\/wp-json\/wp\/v2\/comments?post=3898"}],"version-history":[{"count":151,"href":"https:\/\/titaniumfix.com\/br\/wp-json\/wp\/v2\/pages\/3898\/revisions"}],"predecessor-version":[{"id":6193,"href":"https:\/\/titaniumfix.com\/br\/wp-json\/wp\/v2\/pages\/3898\/revisions\/6193"}],"up":[{"embeddable":true,"href":"https:\/\/titaniumfix.com\/br\/wp-json\/wp\/v2\/pages\/4130"}],"wp:featuredmedia":[{"embeddable":true,"href":"https:\/\/titaniumfix.com\/br\/wp-json\/wp\/v2\/media\/3951"}],"wp:attachment":[{"href":"https:\/\/titaniumfix.com\/br\/wp-json\/wp\/v2\/media?parent=3898"}],"curies":[{"name":"wp","href":"https:\/\/api.w.org\/{rel}","templated":true}]}}